{"id":1420,"date":"2019-03-13T12:56:29","date_gmt":"2019-03-13T15:56:29","guid":{"rendered":"http:\/\/www.dagazwines.com\/?page_id=1420"},"modified":"2023-08-24T12:18:54","modified_gmt":"2023-08-24T16:18:54","slug":"terroir","status":"publish","type":"page","link":"https:\/\/www.dagazwines.com\/en\/terroir\/","title":{"rendered":"terroir"},"content":{"rendered":"<div class=\"vc_row wpb_row vc_row-fluid vc_custom_1553136048764 vc_column-gap-10\"><div class=\"wpb_column vc_column_container vc_col-sm-6 vc_col-has-fill\"><div class=\"vc_column-inner vc_custom_1553193781171\"><div class=\"wpb_wrapper\">\n\t<div class=\"title-subtitle-box\" style=\" text-align: center;\">\n\t\t<h2 style=\" font-weight: normal;\" >What is Terroir?<\/h2>\n\t<\/div> \n\t<div class=\"wpb_text_column wpb_content_element\" >\n\t\t<div class=\"wpb_wrapper\">\n\t\t\t<p style=\"text-align: justify;\">Terroir is the relationship between soil, climate,\nbiodiversity, and the human hand, which results in\nwines that express the unique character of their place of origin.<\/p>\n\n\t\t<\/div>\n\t<\/div>\n\n\t<div  class=\"wpb_single_image wpb_content_element vc_align_left\">\n\t\t\n\t\t<figure class=\"wpb_wrapper vc_figure\">\n\t\t\t<div class=\"vc_single_image-wrapper   vc_box_border_grey\"><img fetchpriority=\"high\" decoding=\"async\" width=\"1000\" height=\"751\" src=\"https:\/\/www.dagazwines.com\/wp-content\/uploads\/2019\/03\/bocetos_dagaz-1.png\" class=\"vc_single_image-img attachment-full\" alt=\"\" srcset=\"https:\/\/www.dagazwines.com\/wp-content\/uploads\/2019\/03\/bocetos_dagaz-1.png 1000w, https:\/\/www.dagazwines.com\/wp-content\/uploads\/2019\/03\/bocetos_dagaz-1-300x225.png 300w, https:\/\/www.dagazwines.com\/wp-content\/uploads\/2019\/03\/bocetos_dagaz-1-768x577.png 768w\" sizes=\"(max-width: 1000px) 100vw, 1000px\" \/><\/div>\n\t\t<\/figure>\n\t<\/div>\n<\/div><\/div><\/div><div class=\"wpb_column vc_column_container vc_col-sm-6\"><div class=\"vc_column-inner\"><div class=\"wpb_wrapper\">\n\t<div class=\"title-subtitle-box\" style=\" text-align: center;\">\n\t\t<h2 style=\" font-weight: normal;\" >Terroir Pumanque-Colchagua<\/h2>\n\t<\/div> \n\t<div class=\"wpb_text_column wpb_content_element\" >\n\t\t<div class=\"wpb_wrapper\">\n\t\t\t<p style=\"text-align: justify;\">Located in the Colchagua Costa Denomination of Origin, which includes the areas of Pumanque, Lolol, Paredones, and Litueche.<\/p>\n<p style=\"text-align: justify;\">The Pumanque Vineyard, in the area of the same name, is located 227 kilometers (141 miles) southwest of Santiago and 46 kilometers (28.5 miles) west of the city of Santa Cruz.<\/p>\n\n\t\t<\/div>\n\t<\/div>\n\n\t<div  class=\"wpb_single_image wpb_content_element vc_align_left\">\n\t\t\n\t\t<figure class=\"wpb_wrapper vc_figure\">\n\t\t\t<div class=\"vc_single_image-wrapper   vc_box_border_grey\"><img decoding=\"async\" data-vc-zoom=\"https:\/\/www.dagazwines.com\/wp-content\/uploads\/2019\/03\/bocetos_dagaz_valles-1-1024x742.jpg\" width=\"1574\" height=\"1140\" src=\"https:\/\/www.dagazwines.com\/wp-content\/uploads\/2019\/03\/bocetos_dagaz_valles-1.jpg\" class=\"vc_single_image-img attachment-full\" alt=\"\" srcset=\"https:\/\/www.dagazwines.com\/wp-content\/uploads\/2019\/03\/bocetos_dagaz_valles-1.jpg 1574w, https:\/\/www.dagazwines.com\/wp-content\/uploads\/2019\/03\/bocetos_dagaz_valles-1-300x217.jpg 300w, https:\/\/www.dagazwines.com\/wp-content\/uploads\/2019\/03\/bocetos_dagaz_valles-1-768x556.jpg 768w, https:\/\/www.dagazwines.com\/wp-content\/uploads\/2019\/03\/bocetos_dagaz_valles-1-1024x742.jpg 1024w\" sizes=\"(max-width: 1574px) 100vw, 1574px\" \/><\/div>\n\t\t<\/figure>\n\t<\/div>\n<\/div><\/div><\/div><\/div><div class=\"vc_row wpb_row vc_row-fluid\"><div class=\"wpb_column vc_column_container vc_col-sm-12\"><div class=\"vc_column-inner\"><div class=\"wpb_wrapper\"><div class=\"vc_tta-container\" data-vc-action=\"collapse\"><div class=\"vc_general vc_tta vc_tta-tabs vc_tta-color-white vc_tta-style-classic vc_tta-shape-square vc_tta-spacing-1 vc_tta-tabs-position-left vc_tta-controls-align-left\"><div class=\"vc_tta-tabs-container\"><ul class=\"vc_tta-tabs-list\"><li class=\"vc_tta-tab vc_active\" data-vc-tab><a href=\"#1553134155379-1c99b7b0-6302\" data-vc-tabs data-vc-container=\".vc_tta\"><span class=\"vc_tta-title-text\">Soil<\/span><\/a><\/li><li class=\"vc_tta-tab\" data-vc-tab><a href=\"#1553134155457-77415055-4b0d\" data-vc-tabs data-vc-container=\".vc_tta\"><span class=\"vc_tta-title-text\">Wheather<\/span><\/a><\/li><li class=\"vc_tta-tab\" data-vc-tab><a href=\"#1553134155531-9be01476-9bd0\" data-vc-tabs data-vc-container=\".vc_tta\"><span class=\"vc_tta-title-text\">Biodiversity<\/span><\/a><\/li><li class=\"vc_tta-tab\" data-vc-tab><a href=\"#1553134155600-a216e535-b873\" data-vc-tabs data-vc-container=\".vc_tta\"><span class=\"vc_tta-title-text\">The human hand<\/span><\/a><\/li><\/ul><\/div><div class=\"vc_tta-panels-container\"><div class=\"vc_tta-panels\"><div class=\"vc_tta-panel vc_active\" id=\"1553134155379-1c99b7b0-6302\" data-vc-content=\".vc_tta-panel-body\"><div class=\"vc_tta-panel-heading\"><h4 class=\"vc_tta-panel-title\"><a href=\"#1553134155379-1c99b7b0-6302\" data-vc-accordion data-vc-container=\".vc_tta-container\"><span class=\"vc_tta-title-text\">Soil<\/span><\/a><\/h4><\/div><div class=\"vc_tta-panel-body\">\n\t<div  class=\"wpb_single_image wpb_content_element vc_align_left\">\n\t\t\n\t\t<figure class=\"wpb_wrapper vc_figure\">\n\t\t\t<div class=\"vc_single_image-wrapper   vc_box_border_grey\"><img decoding=\"async\" width=\"1300\" height=\"867\" src=\"https:\/\/www.dagazwines.com\/wp-content\/uploads\/2019\/03\/marco_IMG_5750.jpg\" class=\"vc_single_image-img attachment-full\" alt=\"\" srcset=\"https:\/\/www.dagazwines.com\/wp-content\/uploads\/2019\/03\/marco_IMG_5750.jpg 1300w, https:\/\/www.dagazwines.com\/wp-content\/uploads\/2019\/03\/marco_IMG_5750-300x200.jpg 300w, https:\/\/www.dagazwines.com\/wp-content\/uploads\/2019\/03\/marco_IMG_5750-768x512.jpg 768w, https:\/\/www.dagazwines.com\/wp-content\/uploads\/2019\/03\/marco_IMG_5750-1024x683.jpg 1024w\" sizes=\"(max-width: 1300px) 100vw, 1300px\" \/><\/div>\n\t\t<\/figure>\n\t<\/div>\n\n\t<div class=\"wpb_text_column wpb_content_element\" >\n\t\t<div class=\"wpb_wrapper\">\n\t\t\t<p style=\"text-align: justify;\">The soil is granitic, which is a crystalline igneous rock that is formed under conditions of extreme heat and pressure far below the surface. This action fused different components such as quartz and mica that were then pushed toward the surface of the earth. Over time, some of those rocks have eroded and given rise to granitic soils.<\/p>\n<p style=\"text-align: justify;\">This type of soil lends the wines elegant mineral and saline characteristics as well as good acidity. This means that our property in Pumanque enables us to produce grapes that give rise to world-class wines on a par with those grown on the granitic soils of C\u00f4tes du Rh\u00f4ne in France and Galicia and La Rioja in Spain.<\/p>\n\n\t\t<\/div>\n\t<\/div>\n\n\t<div  class=\"wpb_single_image wpb_content_element vc_align_left\">\n\t\t\n\t\t<figure class=\"wpb_wrapper vc_figure\">\n\t\t\t<div class=\"vc_single_image-wrapper   vc_box_border_grey\"><img loading=\"lazy\" decoding=\"async\" width=\"1200\" height=\"871\" src=\"https:\/\/www.dagazwines.com\/wp-content\/uploads\/2019\/04\/bocetos_dagaz_mundi.png\" class=\"vc_single_image-img attachment-full\" alt=\"\" srcset=\"https:\/\/www.dagazwines.com\/wp-content\/uploads\/2019\/04\/bocetos_dagaz_mundi.png 1200w, https:\/\/www.dagazwines.com\/wp-content\/uploads\/2019\/04\/bocetos_dagaz_mundi-300x218.png 300w, https:\/\/www.dagazwines.com\/wp-content\/uploads\/2019\/04\/bocetos_dagaz_mundi-768x557.png 768w, https:\/\/www.dagazwines.com\/wp-content\/uploads\/2019\/04\/bocetos_dagaz_mundi-1024x743.png 1024w\" sizes=\"(max-width: 1200px) 100vw, 1200px\" \/><\/div>\n\t\t<\/figure>\n\t<\/div>\n<\/div><\/div><div class=\"vc_tta-panel\" id=\"1553134155457-77415055-4b0d\" data-vc-content=\".vc_tta-panel-body\"><div class=\"vc_tta-panel-heading\"><h4 class=\"vc_tta-panel-title\"><a href=\"#1553134155457-77415055-4b0d\" data-vc-accordion data-vc-container=\".vc_tta-container\"><span class=\"vc_tta-title-text\">Wheather<\/span><\/a><\/h4><\/div><div class=\"vc_tta-panel-body\">\n\t<div  class=\"wpb_single_image wpb_content_element vc_align_left\">\n\t\t\n\t\t<figure class=\"wpb_wrapper vc_figure\">\n\t\t\t<div class=\"vc_single_image-wrapper   vc_box_border_grey\"><img loading=\"lazy\" decoding=\"async\" width=\"1200\" height=\"796\" src=\"https:\/\/www.dagazwines.com\/wp-content\/uploads\/2019\/04\/bocetos_dagaz_corriente.png\" class=\"vc_single_image-img attachment-full\" alt=\"\" srcset=\"https:\/\/www.dagazwines.com\/wp-content\/uploads\/2019\/04\/bocetos_dagaz_corriente.png 1200w, https:\/\/www.dagazwines.com\/wp-content\/uploads\/2019\/04\/bocetos_dagaz_corriente-300x199.png 300w, https:\/\/www.dagazwines.com\/wp-content\/uploads\/2019\/04\/bocetos_dagaz_corriente-768x509.png 768w, https:\/\/www.dagazwines.com\/wp-content\/uploads\/2019\/04\/bocetos_dagaz_corriente-1024x679.png 1024w\" sizes=\"(max-width: 1200px) 100vw, 1200px\" \/><\/div>\n\t\t<\/figure>\n\t<\/div>\n\n\t<div class=\"wpb_text_column wpb_content_element\" >\n\t\t<div class=\"wpb_wrapper\">\n\t\t\t<p style=\"text-align: justify;\">Pumanque has a temperate Mediterranean climate with cold, rainy winters and temperate, dry summers.<\/p>\n<p style=\"text-align: justify;\">The Pacific Ocean\u2019s cold Humboldt Current off the coast of Colchagua generates cool breezes that moderate the temperatures in the vineyards and allow the grapes to ripen slowly, which ultimately gives rise to very fresh wines with greater fruit intensity and good acidity.<\/p>\n<p style=\"text-align: justify;\">The broad oscillation (20\u00baC\/ 36\u00baF) between daytime and nighttime temperatures enables the grapes to achieve a tremendous accumulation of polyphenols, which is responsible for the intense color and structure of our wines. The average maximum temperature in the summer is 29\u00baC (84\u00baF) and the minimum is 9\u00baC (48\u00baF). Annual precipitation is 450 mm (17.7 in).<\/p>\n\n\t\t<\/div>\n\t<\/div>\n<\/div><\/div><div class=\"vc_tta-panel\" id=\"1553134155531-9be01476-9bd0\" data-vc-content=\".vc_tta-panel-body\"><div class=\"vc_tta-panel-heading\"><h4 class=\"vc_tta-panel-title\"><a href=\"#1553134155531-9be01476-9bd0\" data-vc-accordion data-vc-container=\".vc_tta-container\"><span class=\"vc_tta-title-text\">Biodiversity<\/span><\/a><\/h4><\/div><div class=\"vc_tta-panel-body\">\n\t<div  class=\"wpb_single_image wpb_content_element vc_align_center\">\n\t\t\n\t\t<figure class=\"wpb_wrapper vc_figure\">\n\t\t\t<div class=\"vc_single_image-wrapper   vc_box_border_grey\"><img loading=\"lazy\" decoding=\"async\" width=\"1600\" height=\"735\" src=\"https:\/\/www.dagazwines.com\/wp-content\/uploads\/2019\/03\/biodiversidad_P1010353.jpg\" class=\"vc_single_image-img attachment-full\" alt=\"\" srcset=\"https:\/\/www.dagazwines.com\/wp-content\/uploads\/2019\/03\/biodiversidad_P1010353.jpg 1600w, https:\/\/www.dagazwines.com\/wp-content\/uploads\/2019\/03\/biodiversidad_P1010353-300x138.jpg 300w, https:\/\/www.dagazwines.com\/wp-content\/uploads\/2019\/03\/biodiversidad_P1010353-768x353.jpg 768w, https:\/\/www.dagazwines.com\/wp-content\/uploads\/2019\/03\/biodiversidad_P1010353-1024x470.jpg 1024w\" sizes=\"(max-width: 1600px) 100vw, 1600px\" \/><\/div>\n\t\t<\/figure>\n\t<\/div>\n\n\t<div class=\"wpb_text_column wpb_content_element\" >\n\t\t<div class=\"wpb_wrapper\">\n\t\t\t<p style=\"text-align:justify;\">For us, it is essential that the harmony that our wines express be reflected in the respectful interaction with and balance between the many lifeforms that coexist in our vineyard. We are committed to sustainability in the vineyard and to the existence of the plants, animals, and microorganisms that inhabit our property.<\/p>\n\n\t\t<\/div>\n\t<\/div>\n<\/div><\/div><div class=\"vc_tta-panel\" id=\"1553134155600-a216e535-b873\" data-vc-content=\".vc_tta-panel-body\"><div class=\"vc_tta-panel-heading\"><h4 class=\"vc_tta-panel-title\"><a href=\"#1553134155600-a216e535-b873\" data-vc-accordion data-vc-container=\".vc_tta-container\"><span class=\"vc_tta-title-text\">The human hand<\/span><\/a><\/h4><\/div><div class=\"vc_tta-panel-body\">\n\t<div class=\"wpb_text_column wpb_content_element\" >\n\t\t<div class=\"wpb_wrapper\">\n\t\t\t<p style=\"text-align: justify;\">Our work in the vineyard aims to enhance its unique characteristics to achieve wines that express their maximum character.<\/p>\n<p style=\"text-align: justify;\"><strong>-Water:<\/strong> The vineyards are drip irrigated in the spring and summer using water from subterranean aquifers as well as from our tank that accumulates rainfall over the winter.<\/p>\n<p style=\"text-align: justify;\">Irrigations are infrequent, yet of long duration to encourage the roots to grow downward in search of water. This enables optimal absorption of nutrients, encouraging the longevity of the plants and quality of the grapes.<\/p>\n<p style=\"text-align: justify;\"><strong>-Characterizing and Differentiating the Soils<\/strong><\/p>\n<p style=\"text-align: justify;\">We conducted a soil differentiation study by measuring its electromagnetic conductivity (EMC) and then complemented the results by digging soil pits in each of the resulting differentiated sectors. This study is reflected on a map that shows us the different soil types through different colors. Red and yellow indicate soils with a higher stone content and\/or greater compaction, which give rise to wines with greater structure and firmer tannins. The green and blue sectors indicate a lower stone content and looser soils that enable greater root penetration. These soils produce more linear wines with smoother, more elegant tannins. By vinifying in small lots from each of the different sectors, we are able to obtain wines with different characteristics that allow us to select the best of our vineyard and improve the quality of our wines year after year.<\/p>\n\n\t\t<\/div>\n\t<\/div>\n\n\t<div  class=\"wpb_single_image wpb_content_element vc_align_center\">\n\t\t\n\t\t<figure class=\"wpb_wrapper vc_figure\">\n\t\t\t<div class=\"vc_single_image-wrapper   vc_box_border_grey\"><img loading=\"lazy\" decoding=\"async\" width=\"1400\" height=\"788\" src=\"https:\/\/www.dagazwines.com\/wp-content\/uploads\/2019\/04\/CEM_beige.jpg\" class=\"vc_single_image-img attachment-full\" alt=\"\" srcset=\"https:\/\/www.dagazwines.com\/wp-content\/uploads\/2019\/04\/CEM_beige.jpg 1400w, https:\/\/www.dagazwines.com\/wp-content\/uploads\/2019\/04\/CEM_beige-300x169.jpg 300w, https:\/\/www.dagazwines.com\/wp-content\/uploads\/2019\/04\/CEM_beige-768x432.jpg 768w, https:\/\/www.dagazwines.com\/wp-content\/uploads\/2019\/04\/CEM_beige-1024x576.jpg 1024w\" sizes=\"(max-width: 1400px) 100vw, 1400px\" \/><\/div>\n\t\t<\/figure>\n\t<\/div>\n<\/div><\/div><\/div><\/div><\/div><\/div><\/div><\/div><\/div><\/div>","protected":false},"excerpt":{"rendered":"<p>\u00bfQu\u00e9 es Terroir? Es la relaci\u00f3n entre \u00a0suelo, clima, biodiversidad \u00a0y la mano del hombre, que dan como resultado vinos que expresan el car\u00e1cter \u00fanico del lugar. Terroir Pumanque-Colchagua Se encuentra ubicado en la Denominci\u00f3n de Origen Colchagua Costa que est\u00e1 formada por las \u00e1reas de Pumanque, Lolol, Paredones y Litueche. El vi\u00f1edo de Pumanque,<br class=\"read-more-spacer\"> <a class=\"more-link\" href=\"https:\/\/www.dagazwines.com\/en\/terroir\/\">Read More<\/a><\/p>","protected":false},"author":1,"featured_media":1704,"parent":0,"menu_order":0,"comment_status":"closed","ping_status":"closed","template":"","meta":{"footnotes":""},"_links":{"self":[{"href":"https:\/\/www.dagazwines.com\/en\/wp-json\/wp\/v2\/pages\/1420"}],"collection":[{"href":"https:\/\/www.dagazwines.com\/en\/wp-json\/wp\/v2\/pages"}],"about":[{"href":"https:\/\/www.dagazwines.com\/en\/wp-json\/wp\/v2\/types\/page"}],"author":[{"embeddable":true,"href":"https:\/\/www.dagazwines.com\/en\/wp-json\/wp\/v2\/users\/1"}],"replies":[{"embeddable":true,"href":"https:\/\/www.dagazwines.com\/en\/wp-json\/wp\/v2\/comments?post=1420"}],"version-history":[{"count":90,"href":"https:\/\/www.dagazwines.com\/en\/wp-json\/wp\/v2\/pages\/1420\/revisions"}],"predecessor-version":[{"id":3123,"href":"https:\/\/www.dagazwines.com\/en\/wp-json\/wp\/v2\/pages\/1420\/revisions\/3123"}],"wp:featuredmedia":[{"embeddable":true,"href":"https:\/\/www.dagazwines.com\/en\/wp-json\/wp\/v2\/media\/1704"}],"wp:attachment":[{"href":"https:\/\/www.dagazwines.com\/en\/wp-json\/wp\/v2\/media?parent=1420"}],"curies":[{"name":"wp","href":"https:\/\/api.w.org\/{rel}","templated":true}]}}