{"id":1631,"date":"2019-03-20T22:31:00","date_gmt":"2019-03-21T01:31:00","guid":{"rendered":"http:\/\/www.dagazwines.com\/?page_id=1631"},"modified":"2023-08-24T12:22:33","modified_gmt":"2023-08-24T16:22:33","slug":"marco-puyo","status":"publish","type":"page","link":"https:\/\/www.dagazwines.com\/en\/marco-puyo\/","title":{"rendered":"Marco Puyo"},"content":{"rendered":"<div class=\"vc_row wpb_row vc_row-fluid\"><div class=\"wpb_column vc_column_container vc_col-sm-12\"><div class=\"vc_column-inner\"><div class=\"wpb_wrapper\"><div class=\"vc_row wpb_row vc_inner vc_row-fluid\"><div class=\"wpb_column vc_column_container vc_col-sm-6\"><div class=\"vc_column-inner\"><div class=\"wpb_wrapper\">\n\t<div class=\"title-subtitle-box\" style=\" text-align: left;\">\n\t\t<h1 style=\" font-weight: normal;\" >Oenologist<\/h1>\n\t<\/div> <\/div><\/div><\/div><div class=\"wpb_column vc_column_container vc_col-sm-6\"><div class=\"vc_column-inner\"><div class=\"wpb_wrapper\"><\/div><\/div><\/div><\/div>\n\t<div class=\"wpb_text_column wpb_content_element\" >\n\t\t<div class=\"wpb_wrapper\">\n\t\t\t<p style=\"text-align: justify;\"><strong>Marco Puyo<\/strong> is a dreamer and permanent generator of new projects, he worked for 26 years in important Chilean wineries, allowing him to know in detail the different \"terroirs\" of the country. Internationally, he harvested grapes in Bordeaux, Champagne and Burgundy in France, Napa in the United States, and the Uco Valley in Argentina. Today he is dedicated to making his own wines, the result of this long apprenticeship, which reflect his spirit for making fresh, vibrant and energetic wines of origin. He was born in Santiago de Chile in 1966, where he lived until finishing his studies. He graduated as an Agronomist with a specialty in Oenology from the Pontificia Universidad Cat\u00f3lica de Chile in 1991 and received the Oenologist Diploma in 1992. Later he worked in one of the most important wine groups in the world, Domaines Barons de Rothschild ( Lafite), as Chief Winemaker of his project in Chile, Vi\u00f1a Los Vascos in the Colchagua Valley, being one of the Winemakers who helped achieve worldwide recognition of this Valley.<\/p>\n<p style=\"text-align: justify;\">Years later he took over as <strong>Oenology Director<\/strong> from Vi\u00f1a San Pedro Tarapac\u00e1, the second most important wine group in Chile, where it made Alta\u00efr, Cabo de Hornos, Sideral, Kankana del Elqui and Tierras Moradas wines, among others. In 2018 he left this position to dedicate himself completely to <strong>DAGAZ Wines<\/strong>.<\/p>\n<p style=\"text-align: justify;\">During the years 2004 and 2005 he was director of the Association of Agricultural Engineers of Chile, participating in the creation of the Carmenere al Mundo contest, which has helped to show Chile as the main producer of this variety.<\/p>\n<p style=\"text-align: justify;\">\n\n\t\t<\/div>\n\t<\/div>\n\n\t<div class=\"wpb_text_column wpb_content_element\" >\n\t\t<div class=\"wpb_wrapper\">\n\t\t\t\n\t\t<\/div>\n\t<\/div>\n<\/div><\/div><\/div><\/div>","protected":false},"excerpt":{"rendered":"<p>En\u00f3logo Marco Puyo es un so\u00f1ador y generador permanente de nuevos proyectos, trabaj\u00f3 durante 26 a\u00f1os en importantes Vi\u00f1as Chilenas, permiti\u00e9ndole conocer con detalle los distintos \u201cterroirs\u201d del pa\u00eds. En el plano internacional, realiz\u00f3 vendimias en\u00a0 Burdeos, Champagne y Borgo\u00f1a en Francia, Napa en Estados Unidos, y el Valle de Uco en Argentina. Hoy en<br class=\"read-more-spacer\"> <a class=\"more-link\" href=\"https:\/\/www.dagazwines.com\/en\/marco-puyo\/\">Read More<\/a><\/p>","protected":false},"author":2,"featured_media":1386,"parent":0,"menu_order":0,"comment_status":"closed","ping_status":"closed","template":"","meta":{"footnotes":""},"_links":{"self":[{"href":"https:\/\/www.dagazwines.com\/en\/wp-json\/wp\/v2\/pages\/1631"}],"collection":[{"href":"https:\/\/www.dagazwines.com\/en\/wp-json\/wp\/v2\/pages"}],"about":[{"href":"https:\/\/www.dagazwines.com\/en\/wp-json\/wp\/v2\/types\/page"}],"author":[{"embeddable":true,"href":"https:\/\/www.dagazwines.com\/en\/wp-json\/wp\/v2\/users\/2"}],"replies":[{"embeddable":true,"href":"https:\/\/www.dagazwines.com\/en\/wp-json\/wp\/v2\/comments?post=1631"}],"version-history":[{"count":3,"href":"https:\/\/www.dagazwines.com\/en\/wp-json\/wp\/v2\/pages\/1631\/revisions"}],"predecessor-version":[{"id":3124,"href":"https:\/\/www.dagazwines.com\/en\/wp-json\/wp\/v2\/pages\/1631\/revisions\/3124"}],"wp:featuredmedia":[{"embeddable":true,"href":"https:\/\/www.dagazwines.com\/en\/wp-json\/wp\/v2\/media\/1386"}],"wp:attachment":[{"href":"https:\/\/www.dagazwines.com\/en\/wp-json\/wp\/v2\/media?parent=1631"}],"curies":[{"name":"wp","href":"https:\/\/api.w.org\/{rel}","templated":true}]}}