{"id":2798,"date":"2020-11-22T22:01:03","date_gmt":"2020-11-23T01:01:03","guid":{"rendered":"http:\/\/www.dagazwines.com\/?page_id=2798"},"modified":"2023-08-24T13:05:28","modified_gmt":"2023-08-24T17:05:28","slug":"estate-carmenere","status":"publish","type":"page","link":"https:\/\/www.dagazwines.com\/en\/estate-carmenere\/","title":{"rendered":"Estate Carmenere"},"content":{"rendered":"<div class=\"vc_row wpb_row vc_row-fluid\"><div class=\"wpb_column vc_column_container vc_col-sm-6\"><div class=\"vc_column-inner\"><div class=\"wpb_wrapper\">\n\t<div  class=\"wpb_single_image wpb_content_element vc_align_center\">\n\t\t\n\t\t<figure class=\"wpb_wrapper vc_figure\">\n\t\t\t<div class=\"vc_single_image-wrapper   vc_box_border_grey\"><img fetchpriority=\"high\" decoding=\"async\" class=\"vc_single_image-img\" src=\"https:\/\/www.dagazwines.com\/wp-content\/uploads\/2020\/11\/carmenere_estate-224x800.png\" width=\"224\" height=\"800\" alt=\"carmenere_estate\" title=\"carmenere_estate\" \/><\/div>\n\t\t<\/figure>\n\t<\/div>\n<\/div><\/div><\/div><div class=\"wpb_column vc_column_container vc_col-sm-6\"><div class=\"vc_column-inner\"><div class=\"wpb_wrapper\"><div class=\"vc_empty_space\"   style=\"height: 20px\" ><span class=\"vc_empty_space_inner\"><\/span><\/div>\n\n\t<div class=\"title-subtitle-box\" style=\" text-align: left;\">\n\t\t<h2 style=\" font-weight: normal;\" >Granito Estate Carmenere 2018<\/h2>\n\t<\/div> \n\t<div class=\"wpb_text_column wpb_content_element\" >\n\t\t<div class=\"wpb_wrapper\">\n\t\t\t<p style=\"text-align: justify;\">This 2018 Carmenere shows an intense ruby color, with purple reflections. It is elegant on the nose, with notes of blackberries, black and pink pepper, cinnamon, cloves and other spices. Also notes of tobacco and cedar from the aging in barrels. On the palate it is a wine with good body and pleasant acidity, with a long and very persistent finish.<\/p>\n\n\t\t<\/div>\n\t<\/div>\n<div class=\"vc_btn3-container vc_btn3-inline\" >\n\t<a class=\"vc_general vc_btn3 vc_btn3-size-sm vc_btn3-shape-rounded vc_btn3-style-modern vc_btn3-color-black\" href=\"http:\/\/www.dagazwines.com\/wp-content\/uploads\/2020\/11\/Ficha-Tecnica-Dagaz-Estate_CA-2018-web.pdf\" title=\"\" target=\"_blank\">Data sheet<\/a><\/div>\n<div class=\"vc_empty_space\"   style=\"height: 10px\" ><span class=\"vc_empty_space_inner\"><\/span><\/div>\n\n\t<div class=\"title-subtitle-box\" style=\" text-align: left;\">\n\t\t<h3 style=\" font-weight: normal;\" >Awards &amp; Accolades<\/h3>\n\t<\/div> <div class=\"vc_row wpb_row vc_inner vc_row-fluid\"><div class=\"wpb_column vc_column_container vc_col-sm-4\"><div class=\"vc_column-inner\"><div class=\"wpb_wrapper\">\n\t<div  class=\"wpb_single_image wpb_content_element vc_align_center\">\n\t\t\n\t\t<figure class=\"wpb_wrapper vc_figure\">\n\t\t\t<div class=\"vc_single_image-wrapper   vc_box_border_grey\"><img decoding=\"async\" class=\"vc_single_image-img\" src=\"https:\/\/www.dagazwines.com\/wp-content\/uploads\/2021\/04\/92-ta21-100x100.png\" width=\"100\" height=\"100\" alt=\"92-ta21\" title=\"92-ta21\" \/><\/div>\n\t\t<\/figure>\n\t<\/div>\n\n\t<div class=\"wpb_text_column wpb_content_element\" >\n\t\t<div class=\"wpb_wrapper\">\n\t\t\t<h5 style=\"text-align: center;\">Carmenere 92 points \/ Tim Atkin 2021<\/h5>\n\n\t\t<\/div>\n\t<\/div>\n<\/div><\/div><\/div><div class=\"wpb_column vc_column_container vc_col-sm-4\"><div class=\"vc_column-inner\"><div class=\"wpb_wrapper\"><\/div><\/div><\/div><div class=\"wpb_column vc_column_container vc_col-sm-4\"><div class=\"vc_column-inner\"><div class=\"wpb_wrapper\"><\/div><\/div><\/div><\/div><\/div><\/div><\/div><\/div>","protected":false},"excerpt":{"rendered":"<p>Granito Estate Carmenere 2018 Este Carmenere 2018 muestra un color rub\u00ed intenso, con reflejos p\u00farpuras. En nariz es elegante, con notas a moras, pimienta negra y rosada, canela, clavo de olor y otras especias. Tambi\u00e9n notas a tabaco y cedro proveniente de la guarda en barricas. En boca es un vino de buen cuerpo y<br class=\"read-more-spacer\"> <a class=\"more-link\" href=\"https:\/\/www.dagazwines.com\/en\/estate-carmenere\/\">Read More<\/a><\/p>","protected":false},"author":3,"featured_media":0,"parent":0,"menu_order":0,"comment_status":"closed","ping_status":"closed","template":"","meta":{"footnotes":""},"_links":{"self":[{"href":"https:\/\/www.dagazwines.com\/en\/wp-json\/wp\/v2\/pages\/2798"}],"collection":[{"href":"https:\/\/www.dagazwines.com\/en\/wp-json\/wp\/v2\/pages"}],"about":[{"href":"https:\/\/www.dagazwines.com\/en\/wp-json\/wp\/v2\/types\/page"}],"author":[{"embeddable":true,"href":"https:\/\/www.dagazwines.com\/en\/wp-json\/wp\/v2\/users\/3"}],"replies":[{"embeddable":true,"href":"https:\/\/www.dagazwines.com\/en\/wp-json\/wp\/v2\/comments?post=2798"}],"version-history":[{"count":5,"href":"https:\/\/www.dagazwines.com\/en\/wp-json\/wp\/v2\/pages\/2798\/revisions"}],"predecessor-version":[{"id":3133,"href":"https:\/\/www.dagazwines.com\/en\/wp-json\/wp\/v2\/pages\/2798\/revisions\/3133"}],"wp:attachment":[{"href":"https:\/\/www.dagazwines.com\/en\/wp-json\/wp\/v2\/media?parent=2798"}],"curies":[{"name":"wp","href":"https:\/\/api.w.org\/{rel}","templated":true}]}}