{"id":1306,"date":"2019-03-12T22:36:56","date_gmt":"2019-03-13T01:36:56","guid":{"rendered":"http:\/\/www.dagazwines.com\/?page_id=1306"},"modified":"2023-05-18T15:52:50","modified_gmt":"2023-05-18T19:52:50","slug":"historia","status":"publish","type":"page","link":"https:\/\/www.dagazwines.com\/pt\/historia\/","title":{"rendered":"Hist\u00f3ria"},"content":{"rendered":"<div class=\"vc_row wpb_row vc_row-fluid\"><div class=\"wpb_column vc_column_container vc_col-sm-12\"><div class=\"vc_column-inner\"><div class=\"wpb_wrapper\">\n\t<div class=\"wpb_text_column wpb_content_element\" >\n\t\t<div class=\"wpb_wrapper\">\n\t\t\t<h2>Vinha DAGAZ<\/h2>\n\n\t\t<\/div>\n\t<\/div>\n<div class=\"vc_row wpb_row vc_inner vc_row-fluid\"><div class=\"wpb_column vc_column_container vc_col-sm-6\"><div class=\"vc_column-inner\"><div class=\"wpb_wrapper\">\n\t<div class=\"wpb_text_column wpb_content_element\" >\n\t\t<div class=\"wpb_wrapper\">\n\t\t\t<p style=\"text-align: justify;\"><strong>Marco Puyo<\/strong>, s\u00f3cio fundador da Vinha DAGAZ, come\u00e7ou a explorar os diferentes \u201cterroirs\u201d do Vale de Colchagua em 1994, produzindo vinhos da maioria dos lugares do vale, para as vin\u00edcolas onde trabalhava. Em 2005, pesquisando entre as origens mais destacadas que havia conhecido, encontrou em Pumanque um terroir \u00fanico.<\/p>\n<p style=\"text-align: justify;\">Em 2006, participou como s\u00f3cio na planta\u00e7\u00e3o de uma vinha de 39 hectares. A partir de 2009, come\u00e7ou a fazer manualmente pequenas quantidades de vinho, uma ou duas barricas por ano. Pela primeira vez, teve a oportunidade de fazer um vinho \u00e0 escala pessoal, cujo esp\u00edrito era reflexo do lugar. Hoje existe um registro de garrafas de cada uma dessas safras.<\/p>\n\n\t\t<\/div>\n\t<\/div>\n<\/div><\/div><\/div><div class=\"wpb_column vc_column_container vc_col-sm-6\"><div class=\"vc_column-inner\"><div class=\"wpb_wrapper\">\n\t<div class=\"wpb_text_column wpb_content_element\" >\n\t\t<div class=\"wpb_wrapper\">\n\t\t\t<p style=\"text-align: justify;\">Em 2015 fundou a Vinha DAGAZ.<\/p>\n<p style=\"text-align: justify;\">\"Dagaz\" \u00e9 uma runa celta que significa \"o in\u00edcio de um novo caminho\", e reflete a nova etapa que inicia em sua vida profissional. O logotipo vermelho da Vinha DAGAZ corresponde ao s\u00edmbolo desta runa.<\/p>\n<p style=\"text-align: justify;\">Em 2016 fez o seu primeiro vinho, que corresponde a uma mescla tinta de 4 variedades, Cabernet Sauvignon, Petit Verdot, Carmenere e Syrah.<\/p>\n\n\t\t<\/div>\n\t<\/div>\n<\/div><\/div><\/div><\/div>\n\t<div  class=\"wpb_single_image wpb_content_element vc_align_center\">\n\t\t\n\t\t<figure class=\"wpb_wrapper vc_figure\">\n\t\t\t<div class=\"vc_single_image-wrapper   vc_box_border_grey\"><img fetchpriority=\"high\" decoding=\"async\" width=\"1440\" height=\"657\" src=\"https:\/\/www.dagazwines.com\/wp-content\/uploads\/2019\/03\/historia_DSC_4700.jpg\" class=\"vc_single_image-img attachment-full\" alt=\"\" srcset=\"https:\/\/www.dagazwines.com\/wp-content\/uploads\/2019\/03\/historia_DSC_4700.jpg 1440w, https:\/\/www.dagazwines.com\/wp-content\/uploads\/2019\/03\/historia_DSC_4700-300x137.jpg 300w, https:\/\/www.dagazwines.com\/wp-content\/uploads\/2019\/03\/historia_DSC_4700-768x350.jpg 768w, https:\/\/www.dagazwines.com\/wp-content\/uploads\/2019\/03\/historia_DSC_4700-1024x467.jpg 1024w\" sizes=\"(max-width: 1440px) 100vw, 1440px\" \/><\/div>\n\t\t<\/figure>\n\t<\/div>\n<\/div><\/div><\/div><\/div>","protected":false},"excerpt":{"rendered":"<p>Vi\u00f1a DAGAZ Marco Puyo, socio fundador de Vi\u00f1a DAGAZ comienza a explorar los distintos \u201cterroirs\u201d del Valle de Colchagua el a\u00f1o 1994, elaborando vinos de la mayor parte de las localidades del valle para las bodegas en las que trabajaba. El a\u00f1o 2005 buscando entre los or\u00edgenes m\u00e1s destacados que hab\u00eda conocido, encuentra en Pumanque<br class=\"read-more-spacer\"> <a class=\"more-link\" href=\"https:\/\/www.dagazwines.com\/pt\/historia\/\">Read More<\/a><\/p>","protected":false},"author":1,"featured_media":0,"parent":0,"menu_order":0,"comment_status":"closed","ping_status":"closed","template":"","meta":{"footnotes":""},"_links":{"self":[{"href":"https:\/\/www.dagazwines.com\/pt\/wp-json\/wp\/v2\/pages\/1306"}],"collection":[{"href":"https:\/\/www.dagazwines.com\/pt\/wp-json\/wp\/v2\/pages"}],"about":[{"href":"https:\/\/www.dagazwines.com\/pt\/wp-json\/wp\/v2\/types\/page"}],"author":[{"embeddable":true,"href":"https:\/\/www.dagazwines.com\/pt\/wp-json\/wp\/v2\/users\/1"}],"replies":[{"embeddable":true,"href":"https:\/\/www.dagazwines.com\/pt\/wp-json\/wp\/v2\/comments?post=1306"}],"version-history":[{"count":42,"href":"https:\/\/www.dagazwines.com\/pt\/wp-json\/wp\/v2\/pages\/1306\/revisions"}],"predecessor-version":[{"id":3069,"href":"https:\/\/www.dagazwines.com\/pt\/wp-json\/wp\/v2\/pages\/1306\/revisions\/3069"}],"wp:attachment":[{"href":"https:\/\/www.dagazwines.com\/pt\/wp-json\/wp\/v2\/media?parent=1306"}],"curies":[{"name":"wp","href":"https:\/\/api.w.org\/{rel}","templated":true}]}}