{"id":1340,"date":"2019-03-13T09:15:57","date_gmt":"2019-03-13T12:15:57","guid":{"rendered":"http:\/\/www.dagazwines.com\/?page_id=1340"},"modified":"2023-08-24T12:51:57","modified_gmt":"2023-08-24T16:51:57","slug":"vinedos","status":"publish","type":"page","link":"https:\/\/www.dagazwines.com\/pt\/vinedos\/","title":{"rendered":"vinhedos"},"content":{"rendered":"<div class=\"vc_row wpb_row vc_row-fluid vc_custom_1552486145528 vc_row-o-content-top vc_row-flex\"><div class=\"wpb_column vc_column_container vc_col-sm-12\"><div class=\"vc_column-inner vc_custom_1458555142589\"><div class=\"wpb_wrapper\">\n\t<div class=\"title-subtitle-box\" style=\" text-align: center;\">\n\t\t<p style=\"\">Vinhedo Pumanque<\/p>\n\t\t<h1 style=\" font-size:24px; line-height: normal; font-weight: normal;\" >(Agricola Pumanque)<\/h1>\n\t<\/div> \n\t<div class=\"wpb_text_column wpb_content_element\" >\n\t\t<div class=\"wpb_wrapper\">\n\t\t\t<p style=\"text-align: justify;\">O Vinhedo Pumanque est\u00e1 localizado a 34 quil\u00f4metros em linha reta do Oceano Pac\u00edfico, a uma altitude de 238 metros acima do n\u00edvel do mar. \u00c9 plantada em colinas e ladeiras de encostas , com densidade de 5.263 plantas\/hectare, a uma dist\u00e2ncia de 1,9 m entre filas e 1 m na fila superior.<\/p>\n<p style=\"text-align: justify;\">Foi plantado em 2006, \u00e9 conduzido em treli\u00e7as verticais e podado em \u201ccargadores\u201d.<\/p>\n<p style=\"text-align: justify;\">A vinha \u00e9 plantada com Cabernet Sauvignon, Carmenere, Syrah e Petit Verdot.<\/p>\n<p style=\"text-align: justify;\">Seu solo \u00e9 gran\u00edtico, com presen\u00e7a de grande n\u00famero de pedras de quartzo em diferentes graus de fragmenta\u00e7\u00e3o. \u00c9 profundo e perme\u00e1vel, o que permite um bom crescimento das ra\u00edzes.<\/p>\n\n\t\t<\/div>\n\t<\/div>\n<div class=\"gg-horizontal-list\"><p class=\"subtitle\"><\/p><dl class=\"horizontal\">\n\t<dt >Localiza\u00e7\u00e3o<\/dt>\n\t<dd >34 km. do Oceano Pac\u00edfico<\/dd>\n\t<dt >variedades<\/dt>\n\t<dd >Cabernet Sauvignon, Carmenere, Syrah e Petit Verdot<\/dd>\n\t<dt >Solo<\/dt>\n\t<dd >Presen\u00e7a de pedras de quartzo, perme\u00e1veis e profundas.<\/dd><\/dl><\/div><\/div><\/div><\/div><\/div><div data-vc-full-width=\"true\" data-vc-full-width-init=\"false\" data-vc-stretch-content=\"true\" class=\"vc_row wpb_row vc_row-fluid vc_custom_1552481205616 vc_row-no-padding\"><div class=\"wpb_column vc_column_container vc_col-sm-12\"><div class=\"vc_column-inner\"><div class=\"wpb_wrapper\"><div class=\"wpb_gallery wpb_content_element vc_clearfix\" ><div class=\"wpb_wrapper\"><div class=\"wpb_gallery_slides wpb_flexslider flexslider_slide flexslider\" data-interval=\"5\" data-flex_fx=\"slide\"><ul class=\"slides\"><li><img fetchpriority=\"high\" decoding=\"async\" width=\"2048\" height=\"784\" src=\"https:\/\/www.dagazwines.com\/wp-content\/uploads\/2019\/03\/vine_1.jpg\" class=\"attachment-full\" alt=\"\" srcset=\"https:\/\/www.dagazwines.com\/wp-content\/uploads\/2019\/03\/vine_1.jpg 2048w, https:\/\/www.dagazwines.com\/wp-content\/uploads\/2019\/03\/vine_1-300x115.jpg 300w, https:\/\/www.dagazwines.com\/wp-content\/uploads\/2019\/03\/vine_1-768x294.jpg 768w, https:\/\/www.dagazwines.com\/wp-content\/uploads\/2019\/03\/vine_1-1024x392.jpg 1024w\" sizes=\"(max-width: 2048px) 100vw, 2048px\" \/><\/li><li><img decoding=\"async\" width=\"2048\" height=\"784\" src=\"https:\/\/www.dagazwines.com\/wp-content\/uploads\/2019\/03\/vine_2.jpg\" class=\"attachment-full\" alt=\"\" srcset=\"https:\/\/www.dagazwines.com\/wp-content\/uploads\/2019\/03\/vine_2.jpg 2048w, https:\/\/www.dagazwines.com\/wp-content\/uploads\/2019\/03\/vine_2-300x115.jpg 300w, https:\/\/www.dagazwines.com\/wp-content\/uploads\/2019\/03\/vine_2-768x294.jpg 768w, https:\/\/www.dagazwines.com\/wp-content\/uploads\/2019\/03\/vine_2-1024x392.jpg 1024w\" sizes=\"(max-width: 2048px) 100vw, 2048px\" \/><\/li><li><img decoding=\"async\" width=\"2048\" height=\"784\" src=\"https:\/\/www.dagazwines.com\/wp-content\/uploads\/2019\/03\/vine_3.jpg\" class=\"attachment-full\" alt=\"\" srcset=\"https:\/\/www.dagazwines.com\/wp-content\/uploads\/2019\/03\/vine_3.jpg 2048w, https:\/\/www.dagazwines.com\/wp-content\/uploads\/2019\/03\/vine_3-300x115.jpg 300w, https:\/\/www.dagazwines.com\/wp-content\/uploads\/2019\/03\/vine_3-768x294.jpg 768w, https:\/\/www.dagazwines.com\/wp-content\/uploads\/2019\/03\/vine_3-1024x392.jpg 1024w\" sizes=\"(max-width: 2048px) 100vw, 2048px\" \/><\/li><\/ul><\/div><\/div><\/div><\/div><\/div><\/div><\/div><div class=\"vc_row-full-width vc_clearfix\"><\/div>","protected":false},"excerpt":{"rendered":"<p>Vi\u00f1edo Pumanque (Agr\u00edcola Pumanque) El Vi\u00f1edo Pumanque est\u00e1 ubicado a 34 kil\u00f3metros en l\u00ednea recta al Oc\u00e9ano Pac\u00edfico, a una altitud de 238 metros sobre el nivel del mar. Est\u00e1 plantado en lomajes y laderas de cerro, con una densidad de 5.263 plantas\/hect\u00e1rea, a una distancia de 1,9 mt entre hileras y 1mt en la<br class=\"read-more-spacer\"> <a class=\"more-link\" href=\"https:\/\/www.dagazwines.com\/pt\/vinedos\/\">Read More<\/a><\/p>","protected":false},"author":1,"featured_media":1703,"parent":0,"menu_order":0,"comment_status":"closed","ping_status":"closed","template":"","meta":{"footnotes":""},"_links":{"self":[{"href":"https:\/\/www.dagazwines.com\/pt\/wp-json\/wp\/v2\/pages\/1340"}],"collection":[{"href":"https:\/\/www.dagazwines.com\/pt\/wp-json\/wp\/v2\/pages"}],"about":[{"href":"https:\/\/www.dagazwines.com\/pt\/wp-json\/wp\/v2\/types\/page"}],"author":[{"embeddable":true,"href":"https:\/\/www.dagazwines.com\/pt\/wp-json\/wp\/v2\/users\/1"}],"replies":[{"embeddable":true,"href":"https:\/\/www.dagazwines.com\/pt\/wp-json\/wp\/v2\/comments?post=1340"}],"version-history":[{"count":56,"href":"https:\/\/www.dagazwines.com\/pt\/wp-json\/wp\/v2\/pages\/1340\/revisions"}],"predecessor-version":[{"id":3127,"href":"https:\/\/www.dagazwines.com\/pt\/wp-json\/wp\/v2\/pages\/1340\/revisions\/3127"}],"wp:featuredmedia":[{"embeddable":true,"href":"https:\/\/www.dagazwines.com\/pt\/wp-json\/wp\/v2\/media\/1703"}],"wp:attachment":[{"href":"https:\/\/www.dagazwines.com\/pt\/wp-json\/wp\/v2\/media?parent=1340"}],"curies":[{"name":"wp","href":"https:\/\/api.w.org\/{rel}","templated":true}]}}