{"id":1420,"date":"2019-03-13T12:56:29","date_gmt":"2019-03-13T15:56:29","guid":{"rendered":"http:\/\/www.dagazwines.com\/?page_id=1420"},"modified":"2023-08-24T12:18:54","modified_gmt":"2023-08-24T16:18:54","slug":"terroir","status":"publish","type":"page","link":"https:\/\/www.dagazwines.com\/pt\/terroir\/","title":{"rendered":"terroir"},"content":{"rendered":"<div class=\"vc_row wpb_row vc_row-fluid vc_custom_1553136048764 vc_column-gap-10\"><div class=\"wpb_column vc_column_container vc_col-sm-6 vc_col-has-fill\"><div class=\"vc_column-inner vc_custom_1553193781171\"><div class=\"wpb_wrapper\">\n\t<div class=\"title-subtitle-box\" style=\" text-align: center;\">\n\t\t<h2 style=\" font-weight: normal;\" >O que \u00e9 Terroir?<\/h2>\n\t<\/div> \n\t<div class=\"wpb_text_column wpb_content_element\" >\n\t\t<div class=\"wpb_wrapper\">\n\t\t\t<p style=\"text-align: justify;\">\u00c9 a rela\u00e7\u00e3o entre solo, clima, biodiversidade e a m\u00e3o do homem, que d\u00e3o como resultado, vinhos que expressam o car\u00e1ter \u00fanico do lugar.<\/p>\n\n\t\t<\/div>\n\t<\/div>\n\n\t<div  class=\"wpb_single_image wpb_content_element vc_align_left\">\n\t\t\n\t\t<figure class=\"wpb_wrapper vc_figure\">\n\t\t\t<div class=\"vc_single_image-wrapper   vc_box_border_grey\"><img fetchpriority=\"high\" decoding=\"async\" width=\"1000\" height=\"751\" src=\"https:\/\/www.dagazwines.com\/wp-content\/uploads\/2019\/03\/bocetos_dagaz-1.png\" class=\"vc_single_image-img attachment-full\" alt=\"\" srcset=\"https:\/\/www.dagazwines.com\/wp-content\/uploads\/2019\/03\/bocetos_dagaz-1.png 1000w, https:\/\/www.dagazwines.com\/wp-content\/uploads\/2019\/03\/bocetos_dagaz-1-300x225.png 300w, https:\/\/www.dagazwines.com\/wp-content\/uploads\/2019\/03\/bocetos_dagaz-1-768x577.png 768w\" sizes=\"(max-width: 1000px) 100vw, 1000px\" \/><\/div>\n\t\t<\/figure>\n\t<\/div>\n<\/div><\/div><\/div><div class=\"wpb_column vc_column_container vc_col-sm-6\"><div class=\"vc_column-inner\"><div class=\"wpb_wrapper\">\n\t<div class=\"title-subtitle-box\" style=\" text-align: center;\">\n\t\t<h2 style=\" font-weight: normal;\" >Terroir Pumanque-Colchagua<\/h2>\n\t<\/div> \n\t<div class=\"wpb_text_column wpb_content_element\" >\n\t\t<div class=\"wpb_wrapper\">\n\t\t\t<p style=\"text-align: justify;\">Est\u00e1 localizado na Denomina\u00e7\u00e3o de Origem Colchagua Costa, composta pelas \u00e1reas de Pumanque, Lolol, Paredones e Litueche.<\/p>\n<p style=\"text-align: justify;\">O vinhedo Pumanque, na \u00e1rea que leva o mesmo nome, est\u00e1 localizado a 227 quil\u00f4metros a sudoeste de Santiago e 46 quil\u00f4metros a oeste da cidade de Santa Cruz.<\/p>\n\n\t\t<\/div>\n\t<\/div>\n\n\t<div  class=\"wpb_single_image wpb_content_element vc_align_left\">\n\t\t\n\t\t<figure class=\"wpb_wrapper vc_figure\">\n\t\t\t<div class=\"vc_single_image-wrapper   vc_box_border_grey\"><img decoding=\"async\" data-vc-zoom=\"https:\/\/www.dagazwines.com\/wp-content\/uploads\/2019\/03\/bocetos_dagaz_valles-1-1024x742.jpg\" width=\"1574\" height=\"1140\" src=\"https:\/\/www.dagazwines.com\/wp-content\/uploads\/2019\/03\/bocetos_dagaz_valles-1.jpg\" class=\"vc_single_image-img attachment-full\" alt=\"\" srcset=\"https:\/\/www.dagazwines.com\/wp-content\/uploads\/2019\/03\/bocetos_dagaz_valles-1.jpg 1574w, https:\/\/www.dagazwines.com\/wp-content\/uploads\/2019\/03\/bocetos_dagaz_valles-1-300x217.jpg 300w, https:\/\/www.dagazwines.com\/wp-content\/uploads\/2019\/03\/bocetos_dagaz_valles-1-768x556.jpg 768w, https:\/\/www.dagazwines.com\/wp-content\/uploads\/2019\/03\/bocetos_dagaz_valles-1-1024x742.jpg 1024w\" sizes=\"(max-width: 1574px) 100vw, 1574px\" \/><\/div>\n\t\t<\/figure>\n\t<\/div>\n<\/div><\/div><\/div><\/div><div class=\"vc_row wpb_row vc_row-fluid\"><div class=\"wpb_column vc_column_container vc_col-sm-12\"><div class=\"vc_column-inner\"><div class=\"wpb_wrapper\"><div class=\"vc_tta-container\" data-vc-action=\"collapse\"><div class=\"vc_general vc_tta vc_tta-tabs vc_tta-color-white vc_tta-style-classic vc_tta-shape-square vc_tta-spacing-1 vc_tta-tabs-position-left vc_tta-controls-align-left\"><div class=\"vc_tta-tabs-container\"><ul class=\"vc_tta-tabs-list\"><li class=\"vc_tta-tab vc_active\" data-vc-tab><a href=\"#1553134155379-1c99b7b0-6302\" data-vc-tabs data-vc-container=\".vc_tta\"><span class=\"vc_tta-title-text\">Solo<\/span><\/a><\/li><li class=\"vc_tta-tab\" data-vc-tab><a href=\"#1553134155457-77415055-4b0d\" data-vc-tabs data-vc-container=\".vc_tta\"><span class=\"vc_tta-title-text\">Clima<\/span><\/a><\/li><li class=\"vc_tta-tab\" data-vc-tab><a href=\"#1553134155531-9be01476-9bd0\" data-vc-tabs data-vc-container=\".vc_tta\"><span class=\"vc_tta-title-text\">biodiversidade<\/span><\/a><\/li><li class=\"vc_tta-tab\" data-vc-tab><a href=\"#1553134155600-a216e535-b873\" data-vc-tabs data-vc-container=\".vc_tta\"><span class=\"vc_tta-title-text\">A m\u00e3o do homem<\/span><\/a><\/li><\/ul><\/div><div class=\"vc_tta-panels-container\"><div class=\"vc_tta-panels\"><div class=\"vc_tta-panel vc_active\" id=\"1553134155379-1c99b7b0-6302\" data-vc-content=\".vc_tta-panel-body\"><div class=\"vc_tta-panel-heading\"><h4 class=\"vc_tta-panel-title\"><a href=\"#1553134155379-1c99b7b0-6302\" data-vc-accordion data-vc-container=\".vc_tta-container\"><span class=\"vc_tta-title-text\">Solo<\/span><\/a><\/h4><\/div><div class=\"vc_tta-panel-body\">\n\t<div  class=\"wpb_single_image wpb_content_element vc_align_left\">\n\t\t\n\t\t<figure class=\"wpb_wrapper vc_figure\">\n\t\t\t<div class=\"vc_single_image-wrapper   vc_box_border_grey\"><img decoding=\"async\" width=\"1300\" height=\"867\" src=\"https:\/\/www.dagazwines.com\/wp-content\/uploads\/2019\/03\/marco_IMG_5750.jpg\" class=\"vc_single_image-img attachment-full\" alt=\"\" srcset=\"https:\/\/www.dagazwines.com\/wp-content\/uploads\/2019\/03\/marco_IMG_5750.jpg 1300w, https:\/\/www.dagazwines.com\/wp-content\/uploads\/2019\/03\/marco_IMG_5750-300x200.jpg 300w, https:\/\/www.dagazwines.com\/wp-content\/uploads\/2019\/03\/marco_IMG_5750-768x512.jpg 768w, https:\/\/www.dagazwines.com\/wp-content\/uploads\/2019\/03\/marco_IMG_5750-1024x683.jpg 1024w\" sizes=\"(max-width: 1300px) 100vw, 1300px\" \/><\/div>\n\t\t<\/figure>\n\t<\/div>\n\n\t<div class=\"wpb_text_column wpb_content_element\" >\n\t\t<div class=\"wpb_wrapper\">\n\t\t\t<p style=\"text-align: justify;\">O solo \u00e9 de granito, que \u00e9 uma rocha \u00edgnea cristalina que se formou muito abaixo da superf\u00edcie, em condi\u00e7\u00f5es extremas de calor e press\u00e3o. Essa fus\u00e3o uniu diferentes compostos como quartzo e a mica que foram conduzidos at\u00e9 a superf\u00edcie da terra. Ao longo do tempo, algumas destas rochas foram erodizando, gerando assim solos gran\u00edticos.<\/p>\n<p style=\"text-align: justify;\">Este tipo de solo aporta ao vinho caracter\u00edsticas minerais, salinas, elegantes e de boa acidez. Por esta raz\u00e3o, em nossa propriedade em Pumanque, podemos produzir uvas que d\u00e3o origem a vinhos de classe mundial, tal como nos granitos de Cotes-du-rhone (Rhone) em Fran\u00e7a, Galiza e La Rioja em Espanha.<\/p>\n\n\t\t<\/div>\n\t<\/div>\n\n\t<div  class=\"wpb_single_image wpb_content_element vc_align_left\">\n\t\t\n\t\t<figure class=\"wpb_wrapper vc_figure\">\n\t\t\t<div class=\"vc_single_image-wrapper   vc_box_border_grey\"><img loading=\"lazy\" decoding=\"async\" width=\"1200\" height=\"871\" src=\"https:\/\/www.dagazwines.com\/wp-content\/uploads\/2019\/04\/bocetos_dagaz_mundi.png\" class=\"vc_single_image-img attachment-full\" alt=\"\" srcset=\"https:\/\/www.dagazwines.com\/wp-content\/uploads\/2019\/04\/bocetos_dagaz_mundi.png 1200w, https:\/\/www.dagazwines.com\/wp-content\/uploads\/2019\/04\/bocetos_dagaz_mundi-300x218.png 300w, https:\/\/www.dagazwines.com\/wp-content\/uploads\/2019\/04\/bocetos_dagaz_mundi-768x557.png 768w, https:\/\/www.dagazwines.com\/wp-content\/uploads\/2019\/04\/bocetos_dagaz_mundi-1024x743.png 1024w\" sizes=\"(max-width: 1200px) 100vw, 1200px\" \/><\/div>\n\t\t<\/figure>\n\t<\/div>\n<\/div><\/div><div class=\"vc_tta-panel\" id=\"1553134155457-77415055-4b0d\" data-vc-content=\".vc_tta-panel-body\"><div class=\"vc_tta-panel-heading\"><h4 class=\"vc_tta-panel-title\"><a href=\"#1553134155457-77415055-4b0d\" data-vc-accordion data-vc-container=\".vc_tta-container\"><span class=\"vc_tta-title-text\">Clima<\/span><\/a><\/h4><\/div><div class=\"vc_tta-panel-body\">\n\t<div  class=\"wpb_single_image wpb_content_element vc_align_left\">\n\t\t\n\t\t<figure class=\"wpb_wrapper vc_figure\">\n\t\t\t<div class=\"vc_single_image-wrapper   vc_box_border_grey\"><img loading=\"lazy\" decoding=\"async\" width=\"1200\" height=\"796\" src=\"https:\/\/www.dagazwines.com\/wp-content\/uploads\/2019\/04\/bocetos_dagaz_corriente.png\" class=\"vc_single_image-img attachment-full\" alt=\"\" srcset=\"https:\/\/www.dagazwines.com\/wp-content\/uploads\/2019\/04\/bocetos_dagaz_corriente.png 1200w, https:\/\/www.dagazwines.com\/wp-content\/uploads\/2019\/04\/bocetos_dagaz_corriente-300x199.png 300w, https:\/\/www.dagazwines.com\/wp-content\/uploads\/2019\/04\/bocetos_dagaz_corriente-768x509.png 768w, https:\/\/www.dagazwines.com\/wp-content\/uploads\/2019\/04\/bocetos_dagaz_corriente-1024x679.png 1024w\" sizes=\"(max-width: 1200px) 100vw, 1200px\" \/><\/div>\n\t\t<\/figure>\n\t<\/div>\n\n\t<div class=\"wpb_text_column wpb_content_element\" >\n\t\t<div class=\"wpb_wrapper\">\n\t\t\t<p style=\"text-align: justify;\">Pumanque possui um clima temperado mediterr\u00e2neo, com chuvas e frio no inverno e ver\u00f5es temperados e secos.<\/p>\n<p style=\"text-align: justify;\">Devido \u00e0s baixas temperaturas do Oceano Pac\u00edfico na costa de Colchagua, produzidas pela fria corrente de Humboldt, s\u00e3o geradas brisas que esfriam os vinhedos, permitindo uma madura\u00e7\u00e3o lenta, o que d\u00e1 origem a vinhos com maior intensidade de fruta, muito frescos e com boa acidez.<\/p>\n<p style=\"text-align: justify;\">A grande amplitude t\u00e9rmica entre o dia e a noite de 20\u00b0C, permite que as uvas obtenham uma grande acumula\u00e7\u00e3o de polifen\u00f3is, que s\u00e3o respons\u00e1veis por a elevada cor e estrutura dos nossos vinhos. A temperatura m\u00e1xima m\u00e9dia no ver\u00e3o \u00e9 de 29\u00b0C e a m\u00ednima m\u00e9dia \u00e9 de 9\u00b0C. A precipita\u00e7\u00e3o de chuva anual atinge 450 mm.<\/p>\n\n\t\t<\/div>\n\t<\/div>\n<\/div><\/div><div class=\"vc_tta-panel\" id=\"1553134155531-9be01476-9bd0\" data-vc-content=\".vc_tta-panel-body\"><div class=\"vc_tta-panel-heading\"><h4 class=\"vc_tta-panel-title\"><a href=\"#1553134155531-9be01476-9bd0\" data-vc-accordion data-vc-container=\".vc_tta-container\"><span class=\"vc_tta-title-text\">biodiversidade<\/span><\/a><\/h4><\/div><div class=\"vc_tta-panel-body\">\n\t<div  class=\"wpb_single_image wpb_content_element vc_align_center\">\n\t\t\n\t\t<figure class=\"wpb_wrapper vc_figure\">\n\t\t\t<div class=\"vc_single_image-wrapper   vc_box_border_grey\"><img loading=\"lazy\" decoding=\"async\" width=\"1600\" height=\"735\" src=\"https:\/\/www.dagazwines.com\/wp-content\/uploads\/2019\/03\/biodiversidad_P1010353.jpg\" class=\"vc_single_image-img attachment-full\" alt=\"\" srcset=\"https:\/\/www.dagazwines.com\/wp-content\/uploads\/2019\/03\/biodiversidad_P1010353.jpg 1600w, https:\/\/www.dagazwines.com\/wp-content\/uploads\/2019\/03\/biodiversidad_P1010353-300x138.jpg 300w, https:\/\/www.dagazwines.com\/wp-content\/uploads\/2019\/03\/biodiversidad_P1010353-768x353.jpg 768w, https:\/\/www.dagazwines.com\/wp-content\/uploads\/2019\/03\/biodiversidad_P1010353-1024x470.jpg 1024w\" sizes=\"(max-width: 1600px) 100vw, 1600px\" \/><\/div>\n\t\t<\/figure>\n\t<\/div>\n\n\t<div class=\"wpb_text_column wpb_content_element\" >\n\t\t<div class=\"wpb_wrapper\">\n\t\t\t<p style=\"text-align:justify;\">Para n\u00f3s \u00e9 fundamental que a harmonia expressada por nossos vinhos, seja um reflexo da intera\u00e7\u00e3o respeitosa e equilibrada entre as m\u00faltiplas formas de vida que convivem na nossa vinha. Comprometer-se com a sustentabilidade da vinha \u00e9 comprometer-se com a exist\u00eancia dos animais, plantas e microrganismos que habitam a nossa propriedade.<\/p>\n\n\t\t<\/div>\n\t<\/div>\n<\/div><\/div><div class=\"vc_tta-panel\" id=\"1553134155600-a216e535-b873\" data-vc-content=\".vc_tta-panel-body\"><div class=\"vc_tta-panel-heading\"><h4 class=\"vc_tta-panel-title\"><a href=\"#1553134155600-a216e535-b873\" data-vc-accordion data-vc-container=\".vc_tta-container\"><span class=\"vc_tta-title-text\">A m\u00e3o do homem<\/span><\/a><\/h4><\/div><div class=\"vc_tta-panel-body\">\n\t<div class=\"wpb_text_column wpb_content_element\" >\n\t\t<div class=\"wpb_wrapper\">\n\t\t\t<p style=\"text-align: justify;\">O trabalho que \u00e9 feito na vinha procura potenciar as suas caracter\u00edsticas \u00fanicas, conseguindo vinhos que expressem plenamente o seu car\u00e1cter.<\/p>\n<p style=\"text-align: justify;\"><strong>-\u00c1gua:<\/strong> Se rega durante a esta\u00e7\u00e3o primavera-ver\u00e3o com um sistema de irriga\u00e7\u00e3o por gotejamento, utilizando \u00e1gua de aqu\u00edferos subterr\u00e2neos e de nosso tanque de acumula\u00e7\u00e3o de chuvas de inverno.<\/p>\n<p style=\"text-align: justify;\">S\u00e3o realizadas irriga\u00e7\u00f5es de longa dura\u00e7\u00e3o e pouca frequ\u00eancia, buscando atingir a umidade em profundidade e desta forma, as ra\u00edzes ter\u00e3o um crescimento descendente em busca de \u00e1gua. O que permite uma \u00f3tima absor\u00e7\u00e3o de nutrientes, favorecendo a longevidade das plantas e a qualidade das uvas.<\/p>\n<p style=\"text-align: justify;\"><strong>-Trabalhos de Caracteriza\u00e7\u00e3o e Diferencia\u00e7\u00e3o do Solo:<\/strong><\/p>\n<p style=\"text-align: justify;\">Realizamos um estudo de diferencia\u00e7\u00e3o do solo por meio de medi\u00e7\u00f5es de condutividade eletromagn\u00e9tica (CEM), complementado com covas feitas em cada um dos setores diferenciados por tal medi\u00e7\u00e3o. Este estudo \u00e9 refletido em um mapa que nos mostra os diferentes tipos de solo atrav\u00e9s de diferentes cores. A cor vermelha e a amarelo indicam solos com maior quantidade de pedras e\/ou maior compacta\u00e7\u00e3o, estes d\u00e3o origem a vinhos com maior estrutura e taninos mais presentes. A cor verde e a azul mostram menos pedras e solos mais soltos, que permitem maior penetra\u00e7\u00e3o das ra\u00edzes, estes d\u00e3o origem a vinhos mais lineares, com taninos mais suaves e elegantes. Atrav\u00e9s da vinifica\u00e7\u00e3o de pequenos lotes que proveem de cada um de estes diferentes setores, \u00e9 que conseguimos fazer vinhos com diferentes caracter\u00edsticas, o que nos tem permitido selecionar o melhor da nossa vinha e melhorar a qualidade dos nossos vinhos ano ap\u00f3s ano.<\/p>\n\n\t\t<\/div>\n\t<\/div>\n\n\t<div  class=\"wpb_single_image wpb_content_element vc_align_center\">\n\t\t\n\t\t<figure class=\"wpb_wrapper vc_figure\">\n\t\t\t<div class=\"vc_single_image-wrapper   vc_box_border_grey\"><img loading=\"lazy\" decoding=\"async\" width=\"1400\" height=\"788\" src=\"https:\/\/www.dagazwines.com\/wp-content\/uploads\/2019\/04\/CEM_beige.jpg\" class=\"vc_single_image-img attachment-full\" alt=\"\" srcset=\"https:\/\/www.dagazwines.com\/wp-content\/uploads\/2019\/04\/CEM_beige.jpg 1400w, https:\/\/www.dagazwines.com\/wp-content\/uploads\/2019\/04\/CEM_beige-300x169.jpg 300w, https:\/\/www.dagazwines.com\/wp-content\/uploads\/2019\/04\/CEM_beige-768x432.jpg 768w, https:\/\/www.dagazwines.com\/wp-content\/uploads\/2019\/04\/CEM_beige-1024x576.jpg 1024w\" sizes=\"(max-width: 1400px) 100vw, 1400px\" \/><\/div>\n\t\t<\/figure>\n\t<\/div>\n<\/div><\/div><\/div><\/div><\/div><\/div><\/div><\/div><\/div><\/div>","protected":false},"excerpt":{"rendered":"<p>\u00bfQu\u00e9 es Terroir? Es la relaci\u00f3n entre \u00a0suelo, clima, biodiversidad \u00a0y la mano del hombre, que dan como resultado vinos que expresan el car\u00e1cter \u00fanico del lugar. Terroir Pumanque-Colchagua Se encuentra ubicado en la Denominci\u00f3n de Origen Colchagua Costa que est\u00e1 formada por las \u00e1reas de Pumanque, Lolol, Paredones y Litueche. El vi\u00f1edo de Pumanque,<br class=\"read-more-spacer\"> <a class=\"more-link\" href=\"https:\/\/www.dagazwines.com\/pt\/terroir\/\">Read More<\/a><\/p>","protected":false},"author":1,"featured_media":1704,"parent":0,"menu_order":0,"comment_status":"closed","ping_status":"closed","template":"","meta":{"footnotes":""},"_links":{"self":[{"href":"https:\/\/www.dagazwines.com\/pt\/wp-json\/wp\/v2\/pages\/1420"}],"collection":[{"href":"https:\/\/www.dagazwines.com\/pt\/wp-json\/wp\/v2\/pages"}],"about":[{"href":"https:\/\/www.dagazwines.com\/pt\/wp-json\/wp\/v2\/types\/page"}],"author":[{"embeddable":true,"href":"https:\/\/www.dagazwines.com\/pt\/wp-json\/wp\/v2\/users\/1"}],"replies":[{"embeddable":true,"href":"https:\/\/www.dagazwines.com\/pt\/wp-json\/wp\/v2\/comments?post=1420"}],"version-history":[{"count":90,"href":"https:\/\/www.dagazwines.com\/pt\/wp-json\/wp\/v2\/pages\/1420\/revisions"}],"predecessor-version":[{"id":3123,"href":"https:\/\/www.dagazwines.com\/pt\/wp-json\/wp\/v2\/pages\/1420\/revisions\/3123"}],"wp:featuredmedia":[{"embeddable":true,"href":"https:\/\/www.dagazwines.com\/pt\/wp-json\/wp\/v2\/media\/1704"}],"wp:attachment":[{"href":"https:\/\/www.dagazwines.com\/pt\/wp-json\/wp\/v2\/media?parent=1420"}],"curies":[{"name":"wp","href":"https:\/\/api.w.org\/{rel}","templated":true}]}}