{"id":2694,"date":"2020-11-09T14:48:09","date_gmt":"2020-11-09T17:48:09","guid":{"rendered":"http:\/\/www.dagazwines.com\/?page_id=2694"},"modified":"2023-08-24T12:59:10","modified_gmt":"2023-08-24T16:59:10","slug":"kolwe-cabernet-sauvignon","status":"publish","type":"page","link":"https:\/\/www.dagazwines.com\/pt\/kolwe-cabernet-sauvignon\/","title":{"rendered":"Kolwe Cabernet"},"content":{"rendered":"<div class=\"vc_row wpb_row vc_row-fluid\"><div class=\"wpb_column vc_column_container vc_col-sm-6\"><div class=\"vc_column-inner\"><div class=\"wpb_wrapper\"><div class=\"vc_empty_space\"   style=\"height: 32px\" ><span class=\"vc_empty_space_inner\"><\/span><\/div>\n\n\t<div  class=\"wpb_single_image wpb_content_element vc_align_center\">\n\t\t\n\t\t<figure class=\"wpb_wrapper vc_figure\">\n\t\t\t<div class=\"vc_single_image-wrapper   vc_box_border_grey\"><img fetchpriority=\"high\" decoding=\"async\" class=\"vc_single_image-img\" src=\"https:\/\/www.dagazwines.com\/wp-content\/uploads\/2021\/04\/CS_kolwe19-224x800.png\" width=\"224\" height=\"800\" alt=\"CS_kolwe19\" title=\"CS_kolwe19\" \/><\/div>\n\t\t<\/figure>\n\t<\/div>\n<\/div><\/div><\/div><div class=\"wpb_column vc_column_container vc_col-sm-6\"><div class=\"vc_column-inner\"><div class=\"wpb_wrapper\">\n\t<div class=\"title-subtitle-box\" style=\" text-align: left;\">\n\t\t<h2 style=\" font-weight: normal;\" >Kolwe Cabernet Sauvignon 2019<\/h2>\n\t<\/div> \n\t<div class=\"wpb_text_column wpb_content_element\" >\n\t\t<div class=\"wpb_wrapper\">\n\t\t\t<p style=\"text-align: justify;\">Cor vermelho rubi intenso. Nariz complexo, com frutos vermelhos e algumas especiarias, bem como notas de grafite que reflectem o conte\u00fado mineral do granito que comp\u00f5e o solo. Na boca \u00e9 elegante, com boa estrutura, muita energia, persist\u00eancia e boa acidez. Este \u00faltimo ajuda-o a ser fresco, vibrante, suculento e a ter um bom potencial de envelhecimento em garrafa.<\/p>\n\n\t\t<\/div>\n\t<\/div>\n<div class=\"vc_empty_space\"   style=\"height: 10px\" ><span class=\"vc_empty_space_inner\"><\/span><\/div>\n<div class=\"vc_btn3-container vc_btn3-inline\" >\n\t<a class=\"vc_general vc_btn3 vc_btn3-size-md vc_btn3-shape-rounded vc_btn3-style-modern vc_btn3-color-black\" href=\"http:\/\/www.dagazwines.com\/wp-content\/uploads\/2020\/06\/Ficha-Dagaz_CS-2018-corregida.pdf\" title=\"\" target=\"_blank\">Ficha t\u00e9cnica<\/a><\/div>\n<div class=\"vc_empty_space\"   style=\"height: 10px\" ><span class=\"vc_empty_space_inner\"><\/span><\/div>\n\n\t<div class=\"title-subtitle-box\" style=\" text-align: left;\">\n\t\t<h3 style=\" font-weight: normal;\" >Pr\u00eamios<\/h3>\n\t<\/div> <div class=\"vc_row wpb_row vc_inner vc_row-fluid\"><div class=\"wpb_column vc_column_container vc_col-sm-4\"><div class=\"vc_column-inner\"><div class=\"wpb_wrapper\">\n\t<div  class=\"wpb_single_image wpb_content_element vc_align_center\">\n\t\t\n\t\t<figure class=\"wpb_wrapper vc_figure\">\n\t\t\t<div class=\"vc_single_image-wrapper   vc_box_border_grey\"><img decoding=\"async\" class=\"vc_single_image-img\" src=\"https:\/\/www.dagazwines.com\/wp-content\/uploads\/2021\/04\/96-ta21-100x100.png\" width=\"100\" height=\"100\" alt=\"96-ta21\" title=\"96-ta21\" \/><\/div>\n\t\t<\/figure>\n\t<\/div>\n\n\t<div class=\"wpb_text_column wpb_content_element\" >\n\t\t<div class=\"wpb_wrapper\">\n\t\t\t<h5 style=\"text-align: center;\">Cabernet Sauvignon 96 pontos\/Tim Atkin 2021<\/h5>\n\n\t\t<\/div>\n\t<\/div>\n<\/div><\/div><\/div><div class=\"wpb_column vc_column_container vc_col-sm-4\"><div class=\"vc_column-inner\"><div class=\"wpb_wrapper\"><\/div><\/div><\/div><div class=\"wpb_column vc_column_container vc_col-sm-4\"><div class=\"vc_column-inner\"><div class=\"wpb_wrapper\"><\/div><\/div><\/div><\/div><div class=\"vc_empty_space\"   style=\"height: 10px\" ><span class=\"vc_empty_space_inner\"><\/span><\/div>\n<div class=\"vc_separator wpb_content_element vc_separator_align_center vc_sep_width_100 vc_sep_pos_align_center vc_separator-has-text\" ><span class=\"vc_sep_holder vc_sep_holder_l\"><span  style=\"border-color:#b0976d;\" class=\"vc_sep_line\"><\/span><\/span><div \tclass=\"vc_icon_element vc_icon_element-outer vc_icon_element-align-left\">\n\t<div class=\"vc_icon_element-inner vc_icon_element-color-custom vc_icon_element-size-sm vc_icon_element-style- vc_icon_element-background-color-grey\">\n\t\t<span class=\"vc_icon_element-icon fa fa-chevron-down\" style=\"color:#b0976d !important\"><\/span><\/div>\n<\/div>\n<h4>Kolwe Cabernet 2018<\/h4><span class=\"vc_sep_holder vc_sep_holder_r\"><span  style=\"border-color:#b0976d;\" class=\"vc_sep_line\"><\/span><\/span>\n<\/div><\/div><\/div><\/div><\/div><div class=\"vc_row wpb_row vc_row-fluid\"><div class=\"wpb_column vc_column_container vc_col-sm-6\"><div class=\"vc_column-inner\"><div class=\"wpb_wrapper\"><div class=\"vc_empty_space\"   style=\"height: 32px\" ><span class=\"vc_empty_space_inner\"><\/span><\/div>\n\n\t<div  class=\"wpb_single_image wpb_content_element vc_align_center\">\n\t\t\n\t\t<figure class=\"wpb_wrapper vc_figure\">\n\t\t\t<div class=\"vc_single_image-wrapper   vc_box_border_grey\"><img decoding=\"async\" class=\"vc_single_image-img\" src=\"https:\/\/www.dagazwines.com\/wp-content\/uploads\/2020\/11\/kolwe-CS-224x800.png\" width=\"224\" height=\"800\" alt=\"kolwe CS\" title=\"Kolwe CS\" \/><\/div>\n\t\t<\/figure>\n\t<\/div>\n<\/div><\/div><\/div><div class=\"wpb_column vc_column_container vc_col-sm-6\"><div class=\"vc_column-inner\"><div class=\"wpb_wrapper\">\n\t<div class=\"title-subtitle-box\" style=\" text-align: left;\">\n\t\t<h2 style=\" font-weight: normal;\" >Kolwe Cabernet Sauvignon 2018<\/h2>\n\t<\/div> \n\t<div class=\"wpb_text_column wpb_content_element\" >\n\t\t<div class=\"wpb_wrapper\">\n\t\t\t<p style=\"text-align: justify;\">Cor vermelho rubi intenso. Nariz complexo, com frutos vermelhos e algumas especiarias, bem como notas de grafite que reflectem o conte\u00fado mineral do granito que comp\u00f5e o solo. Na boca \u00e9 elegante, com boa estrutura, muita energia, persist\u00eancia e boa acidez. Este \u00faltimo ajuda-o a ser fresco, vibrante, suculento e a ter um bom potencial de envelhecimento em garrafa.<\/p>\n\n\t\t<\/div>\n\t<\/div>\n<div class=\"vc_empty_space\"   style=\"height: 32px\" ><span class=\"vc_empty_space_inner\"><\/span><\/div>\n<div class=\"vc_btn3-container vc_btn3-inline\" >\n\t<a class=\"vc_general vc_btn3 vc_btn3-size-md vc_btn3-shape-rounded vc_btn3-style-modern vc_btn3-color-black\" href=\"http:\/\/www.dagazwines.com\/wp-content\/uploads\/2020\/06\/Ficha-Dagaz_CS-2018-corregida.pdf\" title=\"\" target=\"_blank\">Ficha t\u00e9cnica<\/a><\/div>\n<div class=\"vc_empty_space\"   style=\"height: 32px\" ><span class=\"vc_empty_space_inner\"><\/span><\/div>\n\n\t<div class=\"title-subtitle-box\" style=\" text-align: left;\">\n\t\t<h3 style=\" font-weight: normal;\" >Pr\u00eamios<\/h3>\n\t<\/div> <div class=\"vc_row wpb_row vc_inner vc_row-fluid\"><div class=\"wpb_column vc_column_container vc_col-sm-4\"><div class=\"vc_column-inner\"><div class=\"wpb_wrapper\">\n\t<div  class=\"wpb_single_image wpb_content_element vc_align_center\">\n\t\t\n\t\t<figure class=\"wpb_wrapper vc_figure\">\n\t\t\t<div class=\"vc_single_image-wrapper   vc_box_border_grey\"><img loading=\"lazy\" decoding=\"async\" class=\"vc_single_image-img\" src=\"https:\/\/www.dagazwines.com\/wp-content\/uploads\/2020\/06\/94_2020-100x100.png\" width=\"100\" height=\"100\" alt=\"94_2020\" title=\"94_2020\" \/><\/div>\n\t\t<\/figure>\n\t<\/div>\n\n\t<div class=\"wpb_text_column wpb_content_element\" >\n\t\t<div class=\"wpb_wrapper\">\n\t\t\t<h5 style=\"text-align: center;\">Cabernet Sauvignon 94 pontos \/ Descorchados 2020<\/h5>\n\n\t\t<\/div>\n\t<\/div>\n<\/div><\/div><\/div><div class=\"wpb_column vc_column_container vc_col-sm-4\"><div class=\"vc_column-inner\"><div class=\"wpb_wrapper\">\n\t<div  class=\"wpb_single_image wpb_content_element vc_align_center\">\n\t\t\n\t\t<figure class=\"wpb_wrapper vc_figure\">\n\t\t\t<div class=\"vc_single_image-wrapper   vc_box_border_grey\"><img loading=\"lazy\" decoding=\"async\" class=\"vc_single_image-img\" src=\"https:\/\/www.dagazwines.com\/wp-content\/uploads\/2020\/06\/TA_gold_digital_Chile2020_94-100x100.png\" width=\"100\" height=\"100\" alt=\"TA_gold_digital_Chile2020_94\" title=\"TA_gold_digital_Chile2020_94\" \/><\/div>\n\t\t<\/figure>\n\t<\/div>\n\n\t<div class=\"wpb_text_column wpb_content_element\" >\n\t\t<div class=\"wpb_wrapper\">\n\t\t\t<h5 style=\"text-align: center;\">Cabernet Sauvignon 94 pontos\/Tim Atkin 2020<\/h5>\n\n\t\t<\/div>\n\t<\/div>\n<\/div><\/div><\/div><div class=\"wpb_column vc_column_container vc_col-sm-4\"><div class=\"vc_column-inner\"><div class=\"wpb_wrapper\">\n\t<div  class=\"wpb_single_image wpb_content_element vc_align_center\">\n\t\t\n\t\t<figure class=\"wpb_wrapper vc_figure\">\n\t\t\t<div class=\"vc_single_image-wrapper   vc_box_border_grey\"><img loading=\"lazy\" decoding=\"async\" class=\"vc_single_image-img\" src=\"https:\/\/www.dagazwines.com\/wp-content\/uploads\/2020\/11\/94-kolwe-100x100.png\" width=\"100\" height=\"100\" alt=\"94-kolwe\" title=\"94-kolwe\" \/><\/div>\n\t\t<\/figure>\n\t<\/div>\n\n\t<div class=\"wpb_text_column wpb_content_element\" >\n\t\t<div class=\"wpb_wrapper\">\n\t\t\t<h5 style=\"text-align: center;\">94 pontos \/ Guia de Mesa de Degusta\u00e7\u00e3o 2021 \u2013 CAV<\/h5>\n\n\t\t<\/div>\n\t<\/div>\n<\/div><\/div><\/div><\/div><\/div><\/div><\/div><\/div>","protected":false},"excerpt":{"rendered":"<p>Kolwe Cabernet Sauvignon 2019 Color rojo rub\u00ed intenso. Nariz compleja, con frutos rojos y algo de especias, adem\u00e1s de notas a grafito que reflejan el contenido mineral proveniente del granito que constituye el suelo. En la boca es elegante, de buena estructura, con mucha energ\u00eda, persistencia y buena acidez. Esta \u00faltima lo ayuda a ser<br class=\"read-more-spacer\"> <a class=\"more-link\" href=\"https:\/\/www.dagazwines.com\/pt\/kolwe-cabernet-sauvignon\/\">Read More<\/a><\/p>","protected":false},"author":3,"featured_media":0,"parent":0,"menu_order":0,"comment_status":"closed","ping_status":"closed","template":"","meta":{"footnotes":""},"_links":{"self":[{"href":"https:\/\/www.dagazwines.com\/pt\/wp-json\/wp\/v2\/pages\/2694"}],"collection":[{"href":"https:\/\/www.dagazwines.com\/pt\/wp-json\/wp\/v2\/pages"}],"about":[{"href":"https:\/\/www.dagazwines.com\/pt\/wp-json\/wp\/v2\/types\/page"}],"author":[{"embeddable":true,"href":"https:\/\/www.dagazwines.com\/pt\/wp-json\/wp\/v2\/users\/3"}],"replies":[{"embeddable":true,"href":"https:\/\/www.dagazwines.com\/pt\/wp-json\/wp\/v2\/comments?post=2694"}],"version-history":[{"count":16,"href":"https:\/\/www.dagazwines.com\/pt\/wp-json\/wp\/v2\/pages\/2694\/revisions"}],"predecessor-version":[{"id":3130,"href":"https:\/\/www.dagazwines.com\/pt\/wp-json\/wp\/v2\/pages\/2694\/revisions\/3130"}],"wp:attachment":[{"href":"https:\/\/www.dagazwines.com\/pt\/wp-json\/wp\/v2\/media?parent=2694"}],"curies":[{"name":"wp","href":"https:\/\/api.w.org\/{rel}","templated":true}]}}