{"id":2734,"date":"2020-11-10T17:11:52","date_gmt":"2020-11-10T20:11:52","guid":{"rendered":"http:\/\/www.dagazwines.com\/?page_id=2734"},"modified":"2023-08-24T13:04:26","modified_gmt":"2023-08-24T17:04:26","slug":"estate","status":"publish","type":"page","link":"https:\/\/www.dagazwines.com\/pt\/estate\/","title":{"rendered":"Estate Cabernet"},"content":{"rendered":"<div class=\"vc_row wpb_row vc_row-fluid\"><div class=\"wpb_column vc_column_container vc_col-sm-6\"><div class=\"vc_column-inner\"><div class=\"wpb_wrapper\">\n\t<div  class=\"wpb_single_image wpb_content_element vc_align_center\">\n\t\t\n\t\t<figure class=\"wpb_wrapper vc_figure\">\n\t\t\t<div class=\"vc_single_image-wrapper   vc_box_border_grey\"><img fetchpriority=\"high\" decoding=\"async\" class=\"vc_single_image-img\" src=\"https:\/\/www.dagazwines.com\/wp-content\/uploads\/2020\/11\/cabernet_estate-224x800.png\" width=\"224\" height=\"800\" alt=\"cabernet_estate\" title=\"cabernet_estate\" \/><\/div>\n\t\t<\/figure>\n\t<\/div>\n<\/div><\/div><\/div><div class=\"wpb_column vc_column_container vc_col-sm-6\"><div class=\"vc_column-inner\"><div class=\"wpb_wrapper\"><div class=\"vc_empty_space\"   style=\"height: 20px\" ><span class=\"vc_empty_space_inner\"><\/span><\/div>\n\n\t<div class=\"title-subtitle-box\" style=\" text-align: left;\">\n\t\t<h2 style=\" font-weight: normal;\" >Granito Estate Cabernet Sauvignon 2018<\/h2>\n\t<\/div> \n\t<div class=\"wpb_text_column wpb_content_element\" >\n\t\t<div class=\"wpb_wrapper\">\n\t\t\t<p style=\"text-align: justify;\">Este vinho apresenta uma cor rubi escura, muito bom equil\u00edbrio entre taninos, acidez, do\u00e7ura e \u00e1lcool. Boa concentra\u00e7\u00e3o, textura suave, com grande personalidade, taninos sedosos, grande intensidade de aromas a frutos vermelhos e uma subtil presen\u00e7a da madeira que se integra perfeitamente no vinho.<\/p>\n\n\t\t<\/div>\n\t<\/div>\n<div class=\"vc_empty_space\"   style=\"height: 20px\" ><span class=\"vc_empty_space_inner\"><\/span><\/div>\n<div class=\"vc_btn3-container vc_btn3-inline\" >\n\t<a class=\"vc_general vc_btn3 vc_btn3-size-sm vc_btn3-shape-rounded vc_btn3-style-modern vc_btn3-color-inverse\" href=\"http:\/\/www.dagazwines.com\/wp-content\/uploads\/2020\/11\/Ficha-Tecnica-Dagaz-Estate_CS-2018-web.pdf\" title=\"\" target=\"_blank\">Ficha t\u00e9cnica<\/a><\/div>\n<div class=\"vc_empty_space\"   style=\"height: 20px\" ><span class=\"vc_empty_space_inner\"><\/span><\/div>\n\n\t<div class=\"title-subtitle-box\" style=\" text-align: left;\">\n\t\t<h3 style=\" font-weight: normal;\" >Pr\u00eamios<\/h3>\n\t<\/div> <div class=\"vc_row wpb_row vc_inner vc_row-fluid\"><div class=\"wpb_column vc_column_container vc_col-sm-3\"><div class=\"vc_column-inner\"><div class=\"wpb_wrapper\">\n\t<div  class=\"wpb_single_image wpb_content_element vc_align_right\">\n\t\t\n\t\t<figure class=\"wpb_wrapper vc_figure\">\n\t\t\t<div class=\"vc_single_image-wrapper   vc_box_border_grey\"><img decoding=\"async\" class=\"vc_single_image-img\" src=\"https:\/\/www.dagazwines.com\/wp-content\/uploads\/2021\/04\/94-ta21-100x100.png\" width=\"100\" height=\"100\" alt=\"94-ta21\" title=\"94-ta21\" \/><\/div>\n\t\t<\/figure>\n\t<\/div>\n\n\t<div class=\"wpb_text_column wpb_content_element\" >\n\t\t<div class=\"wpb_wrapper\">\n\t\t\t<h5 style=\"text-align: center;\">Cabernet Sauvignon 94 pontos \/ Tim Atkin 2021<\/h5>\n\n\t\t<\/div>\n\t<\/div>\n<\/div><\/div><\/div><div class=\"wpb_column vc_column_container vc_col-sm-3\"><div class=\"vc_column-inner\"><div class=\"wpb_wrapper\"><\/div><\/div><\/div><div class=\"wpb_column vc_column_container vc_col-sm-3\"><div class=\"vc_column-inner\"><div class=\"wpb_wrapper\"><\/div><\/div><\/div><div class=\"wpb_column vc_column_container vc_col-sm-3\"><div class=\"vc_column-inner\"><div class=\"wpb_wrapper\"><\/div><\/div><\/div><\/div><\/div><\/div><\/div><\/div>","protected":false},"excerpt":{"rendered":"<p>Granito Estate Cabernet Sauvignon 2018 Este vino tiene un color rub\u00ed obscuro, muy buen balance entre taninos, acidez, dulzor y alcohol. Buena concentraci\u00f3n, textura suave, con gran personalidad, taninos sedosos, gran intensidad de aromas de fruta roja y una sutil presencia de la madera que esta perfectamente integrada en el vino. Ficha t\u00e9cnica Premios Cabernet<br class=\"read-more-spacer\"> <a class=\"more-link\" href=\"https:\/\/www.dagazwines.com\/pt\/estate\/\">Read More<\/a><\/p>","protected":false},"author":3,"featured_media":0,"parent":0,"menu_order":0,"comment_status":"closed","ping_status":"closed","template":"","meta":{"footnotes":""},"_links":{"self":[{"href":"https:\/\/www.dagazwines.com\/pt\/wp-json\/wp\/v2\/pages\/2734"}],"collection":[{"href":"https:\/\/www.dagazwines.com\/pt\/wp-json\/wp\/v2\/pages"}],"about":[{"href":"https:\/\/www.dagazwines.com\/pt\/wp-json\/wp\/v2\/types\/page"}],"author":[{"embeddable":true,"href":"https:\/\/www.dagazwines.com\/pt\/wp-json\/wp\/v2\/users\/3"}],"replies":[{"embeddable":true,"href":"https:\/\/www.dagazwines.com\/pt\/wp-json\/wp\/v2\/comments?post=2734"}],"version-history":[{"count":14,"href":"https:\/\/www.dagazwines.com\/pt\/wp-json\/wp\/v2\/pages\/2734\/revisions"}],"predecessor-version":[{"id":3132,"href":"https:\/\/www.dagazwines.com\/pt\/wp-json\/wp\/v2\/pages\/2734\/revisions\/3132"}],"wp:attachment":[{"href":"https:\/\/www.dagazwines.com\/pt\/wp-json\/wp\/v2\/media?parent=2734"}],"curies":[{"name":"wp","href":"https:\/\/api.w.org\/{rel}","templated":true}]}}