{"id":519,"date":"2016-03-21T13:06:29","date_gmt":"2016-03-21T13:06:29","guid":{"rendered":"http:\/\/okthemes.com\/villenoirdemo\/?page_id=519"},"modified":"2021-02-23T10:16:46","modified_gmt":"2021-02-23T13:16:46","slug":"puntos-de-venta","status":"publish","type":"page","link":"https:\/\/www.dagazwines.com\/pt\/puntos-de-venta\/","title":{"rendered":"Pontos de venda"},"content":{"rendered":"<div class=\"vc_row wpb_row vc_row-fluid\"><div class=\"wpb_column vc_column_container vc_col-sm-6\"><div class=\"vc_column-inner\"><div class=\"wpb_wrapper\">\n\t<div class=\"title-subtitle-box\" style=\" text-align: left;\">\n\t\t<h2 style=\" font-weight: normal;\" >Internacional<\/h2>\n\t<\/div> \n\t<div class=\"wpb_text_column wpb_content_element\" >\n\t\t<div class=\"wpb_wrapper\">\n\t\t\t<div dir=\"ltr\">\n<div dir=\"auto\"><strong>Brasil:<\/strong><\/div>\n<div dir=\"auto\">-Espirito Santo<\/div>\n<div dir=\"auto\">- Santa Catarina.<\/div>\n<\/div>\n<div dir=\"auto\"><\/div>\n<div dir=\"auto\">\n<hr \/>\n<\/div>\n<div dir=\"ltr\">\n<div dir=\"auto\"><\/div>\n<div dir=\"auto\"><strong>Estados Unidos:<\/strong><\/div>\n<div dir=\"auto\">\u2013Nova York, Nova York<\/div>\n<div dir=\"auto\">\u2013Oregon<\/div>\n<\/div>\n<div dir=\"auto\"><\/div>\n<div dir=\"auto\"><\/div>\n<div dir=\"auto\"><strong>China:<\/strong><\/div>\n<div dir=\"auto\">-Xangai<\/div>\n<div dir=\"auto\">-Guangzhou<\/div>\n<div dir=\"auto\"><\/div>\n<div dir=\"auto\">\n<hr \/>\n<\/div>\n<div dir=\"auto\">\n<div><strong>Jap\u00e3o<\/strong>: osaka<\/div>\n<div><\/div>\n<div><strong>Cingapura<\/strong><\/div>\n<div><\/div>\n<div><strong>Tail\u00e2ndia:<\/strong> Banguecoque e Phuket<\/div>\n<\/div>\n<div dir=\"auto\"><\/div>\n<div dir=\"ltr\">\n<div dir=\"auto\"><\/div>\n<\/div>\n<hr \/>\n\n\t\t<\/div>\n\t<\/div>\n<\/div><\/div><\/div><div class=\"wpb_column vc_column_container vc_col-sm-6\"><div class=\"vc_column-inner\"><div class=\"wpb_wrapper\">\n\t<div class=\"title-subtitle-box\" style=\" text-align: left;\">\n\t\t<h2 style=\" font-weight: normal;\" >Chile<\/h2>\n\t<\/div> \n\t<div class=\"wpb_text_column wpb_content_element\" >\n\t\t<div class=\"wpb_wrapper\">\n\t\t\t<div dir=\"ltr\">\n<div dir=\"auto\"><\/div>\n<div dir=\"auto\"><\/div>\n<h4 dir=\"auto\"><strong>Santiago:<\/strong><\/h4>\n<h4 dir=\"auto\"><strong>Lojas de vinhos e restaurantes<\/strong>:<\/h4>\n<div dir=\"auto\">-La Cava del Sommelier, General Holley 109, Providencia.<\/div>\n<div dir=\"auto\">-Vinolia, Alonso de Monroy 2869, Vitacura.<\/div>\n<div dir=\"auto\">-Winebarra Taster, Hotel Cumbres Lastarria 299, Santiago.<\/div>\n<div dir=\"auto\">-La Vinoteca, Av. Manuel Montt 1450, Provid\u00eancia.<\/div>\n<div dir=\"auto\">-La Vinoteca, Nueva Costanera 3955, Vitacura.<\/div>\n<div dir=\"auto\">\n<div>-O mundo do vinho, Isidora Goyenechea 3000, Las Condes.<\/div>\n<div>-O Mundo do Vinho, Parque Arauco Mall, local Boulevard 379, Las Condes.<\/div>\n<div>-O mundo do vinho, Portal La Dehesa, n\u00edvel 1, La Dehesa.<\/div>\n<div>-A adega do bairro; Avenida Italia 1449, local 11, Provid\u00eancia.<\/div>\n<\/div>\n<h4 dir=\"auto\"><strong>Restaurantes:<\/strong><\/h4>\n<div dir=\"auto\">-Restaurante Bocan\u00e1riz, Lastarria 276, Santiago.<\/div>\n<div dir=\"auto\">-Restaurante La Bodeguilla de Crist\u00f3bal, Dominica 5, Recoleta.<\/div>\n<div dir=\"auto\">-Trattoria Da Noi, Avenida Italia 1791, \u00d1u\u00f1oa.<\/div>\n<div dir=\"auto\">-El Bodeg\u00f3n (La Vinoteca), Nueva Costanera 3955, Vitacura.<\/div>\n<div dir=\"auto\">-La Brasserie de Franck &amp; H\u00e9ctor, Alonso de C\u00f3rdova 4355 local 303, Vitacura.<\/div>\n<div dir=\"auto\">-Jer\u00f3nimo, Alonso de C\u00f3rdova 3102, Vitacura.<\/div>\n<div dir=\"auto\">-Restaurante CasaLuz, Av. Italia 805, Provid\u00eancia.<\/div>\n<div dir=\"auto\">-Peumayen BordeR\u00edo, Av. Jos\u00e9 Mar\u00eda Escriv\u00e1 de Balaguer 6400, local 2 Vitacura.<\/div>\n<div dir=\"auto\"><\/div>\n<\/div>\n<h4 dir=\"auto\"><strong>Vi\u00f1a del Mar:<\/strong><\/h4>\n<div dir=\"auto\">-La Vinoteca, 8 Norte 644, Vi\u00f1a del Mar.<\/div>\n<div dir=\"ltr\">\n<div dir=\"auto\"><\/div>\n<h4 dir=\"auto\"><strong>Santa Cruz:<\/strong><\/h4>\n<div dir=\"auto\"><strong>Lojas de vinhos:<\/strong><\/div>\n<div dir=\"auto\">-Loja Vinotour, Plaza de Armas 306.<\/div>\n<div dir=\"auto\"><strong>Restaurantes:<\/strong><\/div>\n<div dir=\"auto\">-Restaurante Casa Colchagua, Camino Barreales-Los Boldos s\/n.<\/div>\n<div dir=\"auto\">-Restaurante Los Poetas (Hotel Terra Vi\u00f1a) Camino Los Boldos s\/n.<\/div>\n<div dir=\"auto\">-Restaurante Vino bello, Camino Barreales s\/n.<\/div>\n<div dir=\"auto\"><\/div>\n<h4 dir=\"auto\"><strong>Pichilemu:<\/strong><\/h4>\n<div dir=\"auto\">-Marcelo Pino Sommelier Store, Avenida Ort\u00fazar 255-C, Pichilemu.<\/div>\n<div dir=\"auto\">-Hotel Alaia, rua para Punta de Lobos, Pichilemu.<\/div>\n<div dir=\"auto\">\n<div dir=\"ltr\">\n<div dir=\"auto\"><\/div>\n<h4 dir=\"auto\"><strong>Matanzas:<\/strong><\/h4>\n<div dir=\"auto\">Emp\u00f3rio de Vinhos e Del\u00edcias, G-8992-I, Natal.<\/div>\n<div dir=\"auto\"><\/div>\n<\/div>\n<h4 dir=\"auto\"><strong>Venda direta:<\/strong><\/h4>\n<div dir=\"auto\">\u00darsula Gonz\u00e1lez<\/div>\n<div dir=\"auto\">ugonzalez@dagazwines.com<\/div>\n<\/div>\n<\/div>\n\n\t\t<\/div>\n\t<\/div>\n\n\t<div class=\"title-subtitle-box\" style=\" text-align: left;\">\n\t\t<h2 style=\" font-weight: normal;\" >Internet<\/h2>\n\t<\/div> \n\t<div class=\"wpb_text_column wpb_content_element\" >\n\t\t<div class=\"wpb_wrapper\">\n\t\t\t<p>Vinhos Eudora<br \/>\n<a href=\"https:\/\/www.eudoravinos.cl\/shop\/\">https:\/\/www.eudoravinos.cl\/shop\/<\/a><\/p>\n<p>Os Cavistas\u00a0 \u00a0 \u00a0 \u00a0 \u00a0 \u00a0 \u00a0 \u00a0 \u00a0 \u00a0 \u00a0 \u00a0 \u00a0 \u00a0 \u00a0 \u00a0 \u00a0 \u00a0 \u00a0 \u00a0 \u00a0 \u00a0 \u00a0 \u00a0 \u00a0 \u00a0 \u00a0 \u00a0 \u00a0 \u00a0 \u00a0 \u00a0 \u00a0 \u00a0 \u00a0 \u00a0 \u00a0 \u00a0 \u00a0 <a href=\"https:\/\/www.loscavistas.cl\">https:\/\/www.loscavistas.cl<\/a><\/p>\n\n\t\t<\/div>\n\t<\/div>\n\n\t<div class=\"title-subtitle-box\" style=\" text-align: left;\">\n\t\t<h2 style=\" font-weight: normal;\" >Instagram<\/h2>\n\t<\/div> \n\t<div class=\"wpb_text_column wpb_content_element\" >\n\t\t<div class=\"wpb_wrapper\">\n\t\t\t<div>@lacavadelbarrio<\/div>\n<div><a id=\"m_2394414931105877918m_-3627782953997068238plusReplyChip-2\" class=\"gmail_plusreply\" href=\"mailto:alangrudsky@gmail.com\" target=\"_blank\" rel=\"noopener noreferrer\">@AlanGrudsky<\/a><\/div>\n<div><a id=\"m_2394414931105877918m_-3627782953997068238plusReplyChip-3\" class=\"gmail_plusreply\" href=\"mailto:wineoutchile@gmail.com\" target=\"_blank\" rel=\"noopener noreferrer\">@WineoutChile<\/a><\/div>\n<div>@vicarvallo<\/div>\n<div>@loreto_si<\/div>\n<div>@art_paulas<\/div>\n\n\t\t<\/div>\n\t<\/div>\n<\/div><\/div><\/div><div class=\"wpb_column vc_column_container vc_col-sm-12\"><div class=\"vc_column-inner\"><div class=\"wpb_wrapper\">\n\t<div class=\"title-subtitle-box\" style=\" text-align: left;\">\n\t\t<p style=\"\">compra<\/p>\n\t\t<h2 style=\" font-weight: normal;\" >On-line<\/h2>\n\t<\/div> <div class=\"vc_btn3-container vc_btn3-inline\" >\n\t<a class=\"vc_general vc_btn3 vc_btn3-size-md vc_btn3-shape-square vc_btn3-style-modern vc_btn3-color-black\" href=\"https:\/\/www.dagazwines.com\/pt\/ventadirecta\/\" title=\"Venda direta\">comprar<\/a><\/div>\n<\/div><\/div><\/div><\/div>","protected":false},"excerpt":{"rendered":"<p>Internacional Brasil: -Espiritu Santo -Santa Catarina. Estados Unidos: &#8211; New York City, New York &#8211; Oregon China: -Shanghai -Guangzhou Jap\u00f3n: Osaka Singapur Tailandia: Bangkok y Phuket Chile Santiago: Tiendas de Vinos y Restaurantes: -La Cava del Sommelier,\u00a0General Holley 109, Providencia. -Vinolia, Alonso de Monroy 2869, Vitacura. -Catador Winebarra, Hotel Cumbres Lastarria 299, Santiago. -La Vinoteca,<br class=\"read-more-spacer\"> <a class=\"more-link\" href=\"https:\/\/www.dagazwines.com\/pt\/puntos-de-venta\/\">Read More<\/a><\/p>","protected":false},"author":1,"featured_media":0,"parent":0,"menu_order":0,"comment_status":"closed","ping_status":"closed","template":"","meta":{"footnotes":""},"_links":{"self":[{"href":"https:\/\/www.dagazwines.com\/pt\/wp-json\/wp\/v2\/pages\/519"}],"collection":[{"href":"https:\/\/www.dagazwines.com\/pt\/wp-json\/wp\/v2\/pages"}],"about":[{"href":"https:\/\/www.dagazwines.com\/pt\/wp-json\/wp\/v2\/types\/page"}],"author":[{"embeddable":true,"href":"https:\/\/www.dagazwines.com\/pt\/wp-json\/wp\/v2\/users\/1"}],"replies":[{"embeddable":true,"href":"https:\/\/www.dagazwines.com\/pt\/wp-json\/wp\/v2\/comments?post=519"}],"version-history":[{"count":30,"href":"https:\/\/www.dagazwines.com\/pt\/wp-json\/wp\/v2\/pages\/519\/revisions"}],"predecessor-version":[{"id":2918,"href":"https:\/\/www.dagazwines.com\/pt\/wp-json\/wp\/v2\/pages\/519\/revisions\/2918"}],"wp:attachment":[{"href":"https:\/\/www.dagazwines.com\/pt\/wp-json\/wp\/v2\/media?parent=519"}],"curies":[{"name":"wp","href":"https:\/\/api.w.org\/{rel}","templated":true}]}}