{"id":1306,"date":"2019-03-12T22:36:56","date_gmt":"2019-03-13T01:36:56","guid":{"rendered":"http:\/\/www.dagazwines.com\/?page_id=1306"},"modified":"2023-05-18T15:52:50","modified_gmt":"2023-05-18T19:52:50","slug":"historia","status":"publish","type":"page","link":"https:\/\/www.dagazwines.com\/zh\/historia\/","title":{"rendered":"\u5386\u53f2"},"content":{"rendered":"<div class=\"vc_row wpb_row vc_row-fluid\"><div class=\"wpb_column vc_column_container vc_col-sm-12\"><div class=\"vc_column-inner\"><div class=\"wpb_wrapper\">\n\t<div class=\"wpb_text_column wpb_content_element\" >\n\t\t<div class=\"wpb_wrapper\">\n\t\t\t<h2>\u8fbe\u560e\u65af\u8461\u8404\u56ed<\/h2>\n\n\t\t<\/div>\n\t<\/div>\n<div class=\"vc_row wpb_row vc_inner vc_row-fluid\"><div class=\"wpb_column vc_column_container vc_col-sm-6\"><div class=\"vc_column-inner\"><div class=\"wpb_wrapper\">\n\t<div class=\"wpb_text_column wpb_content_element\" >\n\t\t<div class=\"wpb_wrapper\">\n\t\t\t<p style=\"text-align: justify;\"><strong>\u9a6c\u53ef\u00b7\u666e\u7ea6<\/strong>Vi\u00f1a DAGAZ \u7684\u521b\u59cb\u6210\u5458\u4e8e 1994 \u5e74\u5f00\u59cb\u63a2\u7d22\u7a7a\u52a0\u74dc\u5c71\u8c37\u7684\u4e0d\u540c\u201c\u98ce\u571f\u201d\uff0c\u4e3a\u4ed6\u5de5\u4f5c\u7684\u9152\u5e84\u751f\u4ea7\u6765\u81ea\u5c71\u8c37\u5927\u90e8\u5206\u57ce\u9547\u7684\u8461\u8404\u9152\u3002 2005\u5e74\uff0c\u4ed6\u5728\u4ed6\u6240\u77e5\u9053\u7684\u6700\u6770\u51fa\u7684\u8d77\u6e90\u4e2d\u5bfb\u627e\uff0c\u5728\u666e\u66fc\u514b\u53d1\u73b0\u4e86\u72ec\u7279\u7684\u98ce\u571f\u3002<\/p>\n<p style=\"text-align: justify;\">2006\u5e74\uff0c\u4ed6\u4f5c\u4e3a\u5408\u4f19\u4eba\u53c2\u4e0e\u4e8639\u516c\u9877\u8461\u8404\u56ed\u7684\u79cd\u690d\u3002\u4ece2009\u5e74\u5f00\u59cb\uff0c\u4ed6\u5f00\u59cb\u624b\u5de5\u917f\u9020\u5c11\u91cf\u8461\u8404\u9152\uff0c\u6bcf\u5e74\u4e00\u5230\u4e24\u6876\u3002\u6211\u7b2c\u4e00\u6b21\u6709\u673a\u4f1a\u917f\u9020\u4e2a\u4eba\u89c4\u6a21\u7684\u8461\u8404\u9152\uff0c\u5176\u7cbe\u795e\u53cd\u6620\u4e86\u8fd9\u4e2a\u5730\u65b9\u3002\u5982\u4eca\uff0c\u6bcf\u4e2a\u5e74\u4efd\u7684\u9152\u74f6\u90fd\u6709\u8bb0\u5f55\u3002<\/p>\n\n\t\t<\/div>\n\t<\/div>\n<\/div><\/div><\/div><div class=\"wpb_column vc_column_container vc_col-sm-6\"><div class=\"vc_column-inner\"><div class=\"wpb_wrapper\">\n\t<div class=\"wpb_text_column wpb_content_element\" >\n\t\t<div class=\"wpb_wrapper\">\n\t\t\t<p style=\"text-align: justify;\">2015 \u5e74\uff0c\u4ed6\u4eec\u4e0e\u8f6f\u6728\u79cd\u690d\u5bb6\u65cf\u7684\u7b2c\u4e09\u4ee3 Patricio G\u00f3mez-Barris \u4e00\u8d77\u521b\u7acb\u4e86 Vi\u00f1a DAGAZ\u3002<\/p>\n<p style=\"text-align: justify;\">\u201cDagaz\u201d\u662f\u51ef\u5c14\u7279\u7b26\u6587\uff0c\u610f\u601d\u662f\u201c\u65b0\u9053\u8def\u7684\u5f00\u59cb\u201d\uff0c\u53cd\u6620\u4e86\u4ed6\u4eec\u804c\u4e1a\u751f\u6daf\u5f00\u59cb\u7684\u65b0\u9636\u6bb5\u3002 Vi\u00f1a DAGAZ \u7684\u7ea2\u8272\u540c\u79cd\u578b\u5bf9\u5e94\u4e8e\u8be5\u7b26\u6587\u7684\u7b26\u53f7\u3002<\/p>\n<p style=\"text-align: justify;\">2016\u5e74\uff0c\u4ed6\u4eec\u917f\u9020\u4e86\u7b2c\u4e00\u6b3e\u8461\u8404\u9152\uff0c\u7531\u8d64\u971e\u73e0\u3001\u5c0f\u7ef4\u591a\u3001\u4f73\u7f8e\u5a1c\u548c\u897f\u62c9\u8fd94\u4e2a\u54c1\u79cd\u7684\u7ea2\u8461\u8404\u9152\u6df7\u5408\u800c\u6210\u3002<\/p>\n\n\t\t<\/div>\n\t<\/div>\n<\/div><\/div><\/div><\/div>\n\t<div  class=\"wpb_single_image wpb_content_element vc_align_center\">\n\t\t\n\t\t<figure class=\"wpb_wrapper vc_figure\">\n\t\t\t<div class=\"vc_single_image-wrapper   vc_box_border_grey\"><img fetchpriority=\"high\" decoding=\"async\" width=\"1440\" height=\"657\" src=\"https:\/\/www.dagazwines.com\/wp-content\/uploads\/2019\/03\/historia_DSC_4700.jpg\" class=\"vc_single_image-img attachment-full\" alt=\"\" srcset=\"https:\/\/www.dagazwines.com\/wp-content\/uploads\/2019\/03\/historia_DSC_4700.jpg 1440w, https:\/\/www.dagazwines.com\/wp-content\/uploads\/2019\/03\/historia_DSC_4700-300x137.jpg 300w, https:\/\/www.dagazwines.com\/wp-content\/uploads\/2019\/03\/historia_DSC_4700-768x350.jpg 768w, https:\/\/www.dagazwines.com\/wp-content\/uploads\/2019\/03\/historia_DSC_4700-1024x467.jpg 1024w\" sizes=\"(max-width: 1440px) 100vw, 1440px\" \/><\/div>\n\t\t<\/figure>\n\t<\/div>\n<\/div><\/div><\/div><\/div>","protected":false},"excerpt":{"rendered":"<p>Vi\u00f1a DAGAZ Marco Puyo, socio fundador de Vi\u00f1a DAGAZ comienza a explorar los distintos \u201cterroirs\u201d del Valle de Colchagua el a\u00f1o 1994, elaborando vinos de la mayor parte de las localidades del valle para las bodegas en las que trabajaba. El a\u00f1o 2005 buscando entre los or\u00edgenes m\u00e1s destacados que hab\u00eda conocido, encuentra en Pumanque<br class=\"read-more-spacer\"> <a class=\"more-link\" href=\"https:\/\/www.dagazwines.com\/zh\/historia\/\">Read More<\/a><\/p>","protected":false},"author":1,"featured_media":0,"parent":0,"menu_order":0,"comment_status":"closed","ping_status":"closed","template":"","meta":{"footnotes":""},"_links":{"self":[{"href":"https:\/\/www.dagazwines.com\/zh\/wp-json\/wp\/v2\/pages\/1306"}],"collection":[{"href":"https:\/\/www.dagazwines.com\/zh\/wp-json\/wp\/v2\/pages"}],"about":[{"href":"https:\/\/www.dagazwines.com\/zh\/wp-json\/wp\/v2\/types\/page"}],"author":[{"embeddable":true,"href":"https:\/\/www.dagazwines.com\/zh\/wp-json\/wp\/v2\/users\/1"}],"replies":[{"embeddable":true,"href":"https:\/\/www.dagazwines.com\/zh\/wp-json\/wp\/v2\/comments?post=1306"}],"version-history":[{"count":42,"href":"https:\/\/www.dagazwines.com\/zh\/wp-json\/wp\/v2\/pages\/1306\/revisions"}],"predecessor-version":[{"id":3069,"href":"https:\/\/www.dagazwines.com\/zh\/wp-json\/wp\/v2\/pages\/1306\/revisions\/3069"}],"wp:attachment":[{"href":"https:\/\/www.dagazwines.com\/zh\/wp-json\/wp\/v2\/media?parent=1306"}],"curies":[{"name":"wp","href":"https:\/\/api.w.org\/{rel}","templated":true}]}}