{"id":1420,"date":"2019-03-13T12:56:29","date_gmt":"2019-03-13T15:56:29","guid":{"rendered":"http:\/\/www.dagazwines.com\/?page_id=1420"},"modified":"2023-08-24T12:18:54","modified_gmt":"2023-08-24T16:18:54","slug":"terroir","status":"publish","type":"page","link":"https:\/\/www.dagazwines.com\/zh\/terroir\/","title":{"rendered":"\u98ce\u571f"},"content":{"rendered":"<div class=\"vc_row wpb_row vc_row-fluid vc_custom_1553136048764 vc_column-gap-10\"><div class=\"wpb_column vc_column_container vc_col-sm-6 vc_col-has-fill\"><div class=\"vc_column-inner vc_custom_1553193781171\"><div class=\"wpb_wrapper\">\n\t<div class=\"title-subtitle-box\" style=\" text-align: center;\">\n\t\t<h2 style=\" font-weight: normal;\" >\u4ec0\u4e48\u662f\u98ce\u571f\uff1f<\/h2>\n\t<\/div> \n\t<div class=\"wpb_text_column wpb_content_element\" >\n\t\t<div class=\"wpb_wrapper\">\n\t\t\t<p style=\"text-align: justify;\">\u571f\u58e4\u3001\u6c14\u5019\u3001\u751f\u7269\u591a\u6837\u6027\u548c\u4eba\u7c7b\u53cc\u624b\u4e4b\u95f4\u7684\u5173\u7cfb\uff0c\u9020\u5c31\u4e86\u4f53\u73b0\u8be5\u5730\u533a\u72ec\u7279\u7279\u5f81\u7684\u8461\u8404\u9152\u3002<\/p>\n\n\t\t<\/div>\n\t<\/div>\n\n\t<div  class=\"wpb_single_image wpb_content_element vc_align_left\">\n\t\t\n\t\t<figure class=\"wpb_wrapper vc_figure\">\n\t\t\t<div class=\"vc_single_image-wrapper   vc_box_border_grey\"><img fetchpriority=\"high\" decoding=\"async\" width=\"1000\" height=\"751\" src=\"https:\/\/www.dagazwines.com\/wp-content\/uploads\/2019\/03\/bocetos_dagaz-1.png\" class=\"vc_single_image-img attachment-full\" alt=\"\" srcset=\"https:\/\/www.dagazwines.com\/wp-content\/uploads\/2019\/03\/bocetos_dagaz-1.png 1000w, https:\/\/www.dagazwines.com\/wp-content\/uploads\/2019\/03\/bocetos_dagaz-1-300x225.png 300w, https:\/\/www.dagazwines.com\/wp-content\/uploads\/2019\/03\/bocetos_dagaz-1-768x577.png 768w\" sizes=\"(max-width: 1000px) 100vw, 1000px\" \/><\/div>\n\t\t<\/figure>\n\t<\/div>\n<\/div><\/div><\/div><div class=\"wpb_column vc_column_container vc_col-sm-6\"><div class=\"vc_column-inner\"><div class=\"wpb_wrapper\">\n\t<div class=\"title-subtitle-box\" style=\" text-align: center;\">\n\t\t<h2 style=\" font-weight: normal;\" >\u666e\u66fc\u514b-\u79d1\u5c14\u67e5\u74dc\u98ce\u571f<\/h2>\n\t<\/div> \n\t<div class=\"wpb_text_column wpb_content_element\" >\n\t\t<div class=\"wpb_wrapper\">\n\t\t\t<p style=\"text-align: justify;\">\u5b83\u4f4d\u4e8e\u79d1\u5c14\u67e5\u74dc\u6d77\u5cb8\u539f\u4ea7\u5730\u6307\u5b9a\u5730\u533a\uff0c\u7531\u666e\u66fc\u514b\u3001\u6d1b\u6d1b\u5c14\u3001\u5e15\u96f7\u591a\u5185\u65af\u548c\u5229\u56fe\u5207\u5730\u533a\u7ec4\u6210\u3002<\/p>\n<p style=\"text-align: justify;\">Pumanque \u8461\u8404\u56ed\u4f4d\u4e8e\u540c\u540d\u5730\u533a\uff0c\u4f4d\u4e8e\u5723\u5730\u4e9a\u54e5\u897f\u5357 227 \u516c\u91cc\u5904\uff0c\u5723\u514b\u9c81\u65af\u5e02\u4ee5\u897f 46 \u516c\u91cc\u5904\u3002<\/p>\n\n\t\t<\/div>\n\t<\/div>\n\n\t<div  class=\"wpb_single_image wpb_content_element vc_align_left\">\n\t\t\n\t\t<figure class=\"wpb_wrapper vc_figure\">\n\t\t\t<div class=\"vc_single_image-wrapper   vc_box_border_grey\"><img decoding=\"async\" data-vc-zoom=\"https:\/\/www.dagazwines.com\/wp-content\/uploads\/2019\/03\/bocetos_dagaz_valles-1-1024x742.jpg\" width=\"1574\" height=\"1140\" src=\"https:\/\/www.dagazwines.com\/wp-content\/uploads\/2019\/03\/bocetos_dagaz_valles-1.jpg\" class=\"vc_single_image-img attachment-full\" alt=\"\" srcset=\"https:\/\/www.dagazwines.com\/wp-content\/uploads\/2019\/03\/bocetos_dagaz_valles-1.jpg 1574w, https:\/\/www.dagazwines.com\/wp-content\/uploads\/2019\/03\/bocetos_dagaz_valles-1-300x217.jpg 300w, https:\/\/www.dagazwines.com\/wp-content\/uploads\/2019\/03\/bocetos_dagaz_valles-1-768x556.jpg 768w, https:\/\/www.dagazwines.com\/wp-content\/uploads\/2019\/03\/bocetos_dagaz_valles-1-1024x742.jpg 1024w\" sizes=\"(max-width: 1574px) 100vw, 1574px\" \/><\/div>\n\t\t<\/figure>\n\t<\/div>\n<\/div><\/div><\/div><\/div><div class=\"vc_row wpb_row vc_row-fluid\"><div class=\"wpb_column vc_column_container vc_col-sm-12\"><div class=\"vc_column-inner\"><div class=\"wpb_wrapper\"><div class=\"vc_tta-container\" data-vc-action=\"collapse\"><div class=\"vc_general vc_tta vc_tta-tabs vc_tta-color-white vc_tta-style-classic vc_tta-shape-square vc_tta-spacing-1 vc_tta-tabs-position-left vc_tta-controls-align-left\"><div class=\"vc_tta-tabs-container\"><ul class=\"vc_tta-tabs-list\"><li class=\"vc_tta-tab vc_active\" data-vc-tab><a href=\"#1553134155379-1c99b7b0-6302\" data-vc-tabs data-vc-container=\".vc_tta\"><span class=\"vc_tta-title-text\">\u5730\u9762<\/span><\/a><\/li><li class=\"vc_tta-tab\" data-vc-tab><a href=\"#1553134155457-77415055-4b0d\" data-vc-tabs data-vc-container=\".vc_tta\"><span class=\"vc_tta-title-text\">\u6c14\u5019<\/span><\/a><\/li><li class=\"vc_tta-tab\" data-vc-tab><a href=\"#1553134155531-9be01476-9bd0\" data-vc-tabs data-vc-container=\".vc_tta\"><span class=\"vc_tta-title-text\">\u751f\u7269\u591a\u6837\u6027<\/span><\/a><\/li><li class=\"vc_tta-tab\" data-vc-tab><a href=\"#1553134155600-a216e535-b873\" data-vc-tabs data-vc-container=\".vc_tta\"><span class=\"vc_tta-title-text\">\u7537\u4eba\u7684\u624b<\/span><\/a><\/li><\/ul><\/div><div class=\"vc_tta-panels-container\"><div class=\"vc_tta-panels\"><div class=\"vc_tta-panel vc_active\" id=\"1553134155379-1c99b7b0-6302\" data-vc-content=\".vc_tta-panel-body\"><div class=\"vc_tta-panel-heading\"><h4 class=\"vc_tta-panel-title\"><a href=\"#1553134155379-1c99b7b0-6302\" data-vc-accordion data-vc-container=\".vc_tta-container\"><span class=\"vc_tta-title-text\">\u5730\u9762<\/span><\/a><\/h4><\/div><div class=\"vc_tta-panel-body\">\n\t<div  class=\"wpb_single_image wpb_content_element vc_align_left\">\n\t\t\n\t\t<figure class=\"wpb_wrapper vc_figure\">\n\t\t\t<div class=\"vc_single_image-wrapper   vc_box_border_grey\"><img decoding=\"async\" width=\"1300\" height=\"867\" src=\"https:\/\/www.dagazwines.com\/wp-content\/uploads\/2019\/03\/marco_IMG_5750.jpg\" class=\"vc_single_image-img attachment-full\" alt=\"\" srcset=\"https:\/\/www.dagazwines.com\/wp-content\/uploads\/2019\/03\/marco_IMG_5750.jpg 1300w, https:\/\/www.dagazwines.com\/wp-content\/uploads\/2019\/03\/marco_IMG_5750-300x200.jpg 300w, https:\/\/www.dagazwines.com\/wp-content\/uploads\/2019\/03\/marco_IMG_5750-768x512.jpg 768w, https:\/\/www.dagazwines.com\/wp-content\/uploads\/2019\/03\/marco_IMG_5750-1024x683.jpg 1024w\" sizes=\"(max-width: 1300px) 100vw, 1300px\" \/><\/div>\n\t\t<\/figure>\n\t<\/div>\n\n\t<div class=\"wpb_text_column wpb_content_element\" >\n\t\t<div class=\"wpb_wrapper\">\n\t\t\t<p style=\"text-align: justify;\">\u5730\u9762\u662f\u82b1\u5c97\u5ca9\uff0c\u662f\u4e00\u79cd\u7ed3\u6676\u706b\u6210\u5ca9\uff0c\u5728\u6781\u7aef\u7684\u70ed\u91cf\u548c\u538b\u529b\u6761\u4ef6\u4e0b\u5f62\u6210\u4e8e\u5730\u8868\u4ee5\u4e0b\u6df1\u5904\u3002\u8fd9\u79cd\u878d\u5408\u5c06\u4e0d\u540c\u7684\u5316\u5408\u7269\u7ed3\u5408\u5728\u4e00\u8d77\uff0c\u4f8b\u5982\u88ab\u9a71\u8d76\u5230\u5730\u7403\u8868\u9762\u7684\u77f3\u82f1\u548c\u4e91\u6bcd\u3002\u968f\u7740\u65f6\u95f4\u7684\u63a8\u79fb\uff0c\u5176\u4e2d\u4e00\u4e9b\u5ca9\u77f3\u88ab\u4fb5\u8680\uff0c\u5f62\u6210\u82b1\u5c97\u5ca9\u571f\u58e4\u3002<\/p>\n<p style=\"text-align: justify;\">\u8fd9\u79cd\u571f\u58e4\u8d4b\u4e88\u8461\u8404\u9152\u77ff\u7269\u8d28\u3001\u76d0\u5206\u3001\u4f18\u96c5\u7684\u7279\u6027\u548c\u826f\u597d\u7684\u9178\u5ea6\u3002\u56e0\u6b64\uff0c\u5728\u666e\u66fc\u514b\uff0c\u5c31\u50cf\u5728\u6cd5\u56fd\u7f57\u8bb7\u6cb3\u8c37\u3001\u897f\u73ed\u7259\u52a0\u5229\u897f\u4e9a\u548c\u62c9\u91cc\u5965\u54c8\u7684\u82b1\u5c97\u5ca9\u4e2d\u4e00\u6837\uff0c\u53ef\u4ee5\u917f\u9020\u51fa\u4e16\u754c\u7ea7\u8461\u8404\u9152\u7684\u8461\u8404\u3002<\/p>\n\n\t\t<\/div>\n\t<\/div>\n\n\t<div  class=\"wpb_single_image wpb_content_element vc_align_left\">\n\t\t\n\t\t<figure class=\"wpb_wrapper vc_figure\">\n\t\t\t<div class=\"vc_single_image-wrapper   vc_box_border_grey\"><img loading=\"lazy\" decoding=\"async\" width=\"1200\" height=\"871\" src=\"https:\/\/www.dagazwines.com\/wp-content\/uploads\/2019\/04\/bocetos_dagaz_mundi.png\" class=\"vc_single_image-img attachment-full\" alt=\"\" srcset=\"https:\/\/www.dagazwines.com\/wp-content\/uploads\/2019\/04\/bocetos_dagaz_mundi.png 1200w, https:\/\/www.dagazwines.com\/wp-content\/uploads\/2019\/04\/bocetos_dagaz_mundi-300x218.png 300w, https:\/\/www.dagazwines.com\/wp-content\/uploads\/2019\/04\/bocetos_dagaz_mundi-768x557.png 768w, https:\/\/www.dagazwines.com\/wp-content\/uploads\/2019\/04\/bocetos_dagaz_mundi-1024x743.png 1024w\" sizes=\"(max-width: 1200px) 100vw, 1200px\" \/><\/div>\n\t\t<\/figure>\n\t<\/div>\n<\/div><\/div><div class=\"vc_tta-panel\" id=\"1553134155457-77415055-4b0d\" data-vc-content=\".vc_tta-panel-body\"><div class=\"vc_tta-panel-heading\"><h4 class=\"vc_tta-panel-title\"><a href=\"#1553134155457-77415055-4b0d\" data-vc-accordion data-vc-container=\".vc_tta-container\"><span class=\"vc_tta-title-text\">\u6c14\u5019<\/span><\/a><\/h4><\/div><div class=\"vc_tta-panel-body\">\n\t<div  class=\"wpb_single_image wpb_content_element vc_align_left\">\n\t\t\n\t\t<figure class=\"wpb_wrapper vc_figure\">\n\t\t\t<div class=\"vc_single_image-wrapper   vc_box_border_grey\"><img loading=\"lazy\" decoding=\"async\" width=\"1200\" height=\"796\" src=\"https:\/\/www.dagazwines.com\/wp-content\/uploads\/2019\/04\/bocetos_dagaz_corriente.png\" class=\"vc_single_image-img attachment-full\" alt=\"\" srcset=\"https:\/\/www.dagazwines.com\/wp-content\/uploads\/2019\/04\/bocetos_dagaz_corriente.png 1200w, https:\/\/www.dagazwines.com\/wp-content\/uploads\/2019\/04\/bocetos_dagaz_corriente-300x199.png 300w, https:\/\/www.dagazwines.com\/wp-content\/uploads\/2019\/04\/bocetos_dagaz_corriente-768x509.png 768w, https:\/\/www.dagazwines.com\/wp-content\/uploads\/2019\/04\/bocetos_dagaz_corriente-1024x679.png 1024w\" sizes=\"(max-width: 1200px) 100vw, 1200px\" \/><\/div>\n\t\t<\/figure>\n\t<\/div>\n\n\t<div class=\"wpb_text_column wpb_content_element\" >\n\t\t<div class=\"wpb_wrapper\">\n\t\t\t<p style=\"text-align: justify;\">\u666e\u66fc\u514b\u5c5e\u6e29\u5e26\u5730\u4e2d\u6d77\u6c14\u5019\uff0c\u51ac\u5b63\u591a\u96e8\u5bd2\u51b7\uff0c\u590f\u5b63\u6e29\u6696\u5e72\u71e5\u3002<\/p>\n<p style=\"text-align: justify;\">\u7531\u4e8e\u7a7a\u52a0\u74dc\u6d77\u5cb8\u7684\u592a\u5e73\u6d0b\u6e29\u5ea6\u8f83\u4f4e\uff0c\u7531\u51b7\u6d2a\u5821\u6d0b\u6d41\u4ea7\u751f\uff0c\u5fae\u98ce\u4f7f\u8461\u8404\u56ed\u51b7\u5374\uff0c\u4ece\u800c\u7f13\u6162\u6210\u719f\uff0c\u4ece\u800c\u917f\u9020\u51fa\u679c\u9999\u6d53\u90c1\u3001\u975e\u5e38\u65b0\u9c9c\u4e14\u9178\u5ea6\u826f\u597d\u7684\u8461\u8404\u9152\u3002<\/p>\n<p style=\"text-align: justify;\">20\u00b0C \u7684\u663c\u591c\u6e29\u5dee\u4f7f\u8461\u8404\u80fd\u591f\u5927\u91cf\u79ef\u7d2f\u591a\u915a\uff0c\u4ece\u800c\u9020\u5c31\u4e86\u6211\u4eec\u8461\u8404\u9152\u7684\u9ad8\u8272\u6cfd\u548c\u7ed3\u6784\u3002\u590f\u5b63\u5e73\u5747\u6700\u9ad8\u6c14\u6e29\u4e3a29\u00b0C\uff0c\u5e73\u5747\u6700\u4f4e\u6c14\u6e29\u4e3a9\u00b0C\u3002\u5e74\u964d\u6c34\u91cf\u8fbe450\u6beb\u7c73\u3002<\/p>\n\n\t\t<\/div>\n\t<\/div>\n<\/div><\/div><div class=\"vc_tta-panel\" id=\"1553134155531-9be01476-9bd0\" data-vc-content=\".vc_tta-panel-body\"><div class=\"vc_tta-panel-heading\"><h4 class=\"vc_tta-panel-title\"><a href=\"#1553134155531-9be01476-9bd0\" data-vc-accordion data-vc-container=\".vc_tta-container\"><span class=\"vc_tta-title-text\">\u751f\u7269\u591a\u6837\u6027<\/span><\/a><\/h4><\/div><div class=\"vc_tta-panel-body\">\n\t<div  class=\"wpb_single_image wpb_content_element vc_align_center\">\n\t\t\n\t\t<figure class=\"wpb_wrapper vc_figure\">\n\t\t\t<div class=\"vc_single_image-wrapper   vc_box_border_grey\"><img loading=\"lazy\" decoding=\"async\" width=\"1600\" height=\"735\" src=\"https:\/\/www.dagazwines.com\/wp-content\/uploads\/2019\/03\/biodiversidad_P1010353.jpg\" class=\"vc_single_image-img attachment-full\" alt=\"\" srcset=\"https:\/\/www.dagazwines.com\/wp-content\/uploads\/2019\/03\/biodiversidad_P1010353.jpg 1600w, https:\/\/www.dagazwines.com\/wp-content\/uploads\/2019\/03\/biodiversidad_P1010353-300x138.jpg 300w, https:\/\/www.dagazwines.com\/wp-content\/uploads\/2019\/03\/biodiversidad_P1010353-768x353.jpg 768w, https:\/\/www.dagazwines.com\/wp-content\/uploads\/2019\/03\/biodiversidad_P1010353-1024x470.jpg 1024w\" sizes=\"(max-width: 1600px) 100vw, 1600px\" \/><\/div>\n\t\t<\/figure>\n\t<\/div>\n\n\t<div class=\"wpb_text_column wpb_content_element\" >\n\t\t<div class=\"wpb_wrapper\">\n\t\t\t<p style=\"text-align:justify;\">\u5bf9\u6211\u4eec\u6765\u8bf4\uff0c\u81f3\u5173\u91cd\u8981\u7684\u662f\uff0c\u6211\u4eec\u7684\u8461\u8404\u9152\u6240\u8868\u8fbe\u7684\u548c\u8c10\u53cd\u6620\u4e86\u8461\u8404\u56ed\u4e2d\u5171\u5b58\u7684\u591a\u79cd\u751f\u547d\u5f62\u5f0f\u4e4b\u95f4\u76f8\u4e92\u5c0a\u91cd\u548c\u5e73\u8861\u7684\u4e92\u52a8\u3002\u81f4\u529b\u4e8e\u8461\u8404\u56ed\u7684\u53ef\u6301\u7eed\u53d1\u5c55\u5c31\u662f\u81f4\u529b\u4e8e\u6816\u606f\u5728\u8461\u8404\u56ed\u4e2d\u7684\u52a8\u7269\u3001\u690d\u7269\u548c\u5fae\u751f\u7269\u7684\u5b58\u5728\u3002<\/p>\n\n\t\t<\/div>\n\t<\/div>\n<\/div><\/div><div class=\"vc_tta-panel\" id=\"1553134155600-a216e535-b873\" data-vc-content=\".vc_tta-panel-body\"><div class=\"vc_tta-panel-heading\"><h4 class=\"vc_tta-panel-title\"><a href=\"#1553134155600-a216e535-b873\" data-vc-accordion data-vc-container=\".vc_tta-container\"><span class=\"vc_tta-title-text\">\u7537\u4eba\u7684\u624b<\/span><\/a><\/h4><\/div><div class=\"vc_tta-panel-body\">\n\t<div class=\"wpb_text_column wpb_content_element\" >\n\t\t<div class=\"wpb_wrapper\">\n\t\t\t<p style=\"text-align: justify;\">\u8461\u8404\u56ed\u7684\u5de5\u4f5c\u65e8\u5728\u589e\u5f3a\u5176\u72ec\u7279\u7684\u7279\u5f81\uff0c\u917f\u9020\u51fa\u6700\u80fd\u5145\u5206\u8868\u8fbe\u5176\u7279\u8272\u7684\u8461\u8404\u9152\u3002<\/p>\n<p style=\"text-align: justify;\"><strong>-\u6c34\uff1a<\/strong> \u6625\u590f\u5b63\u8282\u91c7\u7528\u6ef4\u704c\u7cfb\u7edf\u8fdb\u884c\u704c\u6e89\uff0c\u5229\u7528\u5730\u4e0b\u84c4\u6c34\u5c42\u548c\u6c34\u5e93\u7684\u6c34\u6765\u84c4\u79ef\u51ac\u5b63\u96e8\u6c34\u3002<\/p>\n<p style=\"text-align: justify;\">\u8fdb\u884c\u957f\u671f\u548c\u4e0d\u9891\u7e41\u7684\u704c\u6e89\uff0c\u4ee5\u5b9e\u73b0\u6df1\u5ea6\u4fdd\u6e7f\uff0c\u4ece\u800c\u4f7f\u6839\u90e8\u5411\u4e0b\u751f\u957f\u4ee5\u5bfb\u627e\u6c34\u3002\u8fd9\u6837\u53ef\u4ee5\u5b9e\u73b0\u8425\u517b\u7269\u8d28\u7684\u6700\u4f73\u5438\u6536\uff0c\u6709\u5229\u4e8e\u690d\u7269\u7684\u5bff\u547d\u548c\u8461\u8404\u7684\u8d28\u91cf\u3002<\/p>\n<p style=\"text-align: justify;\"><strong>-\u571f\u58e4\u7684\u8868\u5f81\u548c\u5206\u5316\u5de5\u4f5c\uff1a<\/strong><\/p>\n<p style=\"text-align: justify;\">\u6211\u4eec\u901a\u8fc7\u7535\u78c1\u5bfc\u7387 (EMC) \u6d4b\u91cf\u8fdb\u884c\u4e86\u571f\u58e4\u533a\u5206\u7814\u7a76\uff0c\u5e76\u5728\u901a\u8fc7\u6240\u8ff0\u6d4b\u91cf\u533a\u5206\u7684\u6bcf\u4e2a\u90e8\u5206\u4e2d\u8fdb\u884c\u4e86\u6d4b\u8bd5\u5751\u7684\u8865\u5145\u3002\u8fd9\u9879\u7814\u7a76\u53cd\u6620\u5728\u4e00\u5f20\u5730\u56fe\u4e0a\uff0c\u901a\u8fc7\u4e0d\u540c\u7684\u989c\u8272\u5411\u6211\u4eec\u5c55\u793a\u4e86\u4e0d\u540c\u7c7b\u578b\u7684\u571f\u58e4\u3002\u7ea2\u8272\u548c\u9ec4\u8272\u8868\u660e\u571f\u58e4\u5177\u6709\u66f4\u591a\u7684\u77f3\u5934\u548c\/\u6216\u66f4\u5927\u7684\u538b\u5b9e\u5ea6\uff0c\u8fd9\u4e9b\u4f7f\u5f97\u8461\u8404\u9152\u5177\u6709\u66f4\u5927\u7684\u7ed3\u6784\u548c\u66f4\u591a\u7684\u5355\u5b81\u3002\u7eff\u8272\u548c\u84dd\u8272\u663e\u793a\u51fa\u66f4\u5c11\u7684\u77f3\u5934\u548c\u66f4\u758f\u677e\u7684\u571f\u58e4\uff0c\u5141\u8bb8\u66f4\u5927\u7684\u6839\u90e8\u6e17\u900f\u3002\u8fd9\u4e9b\u4ea7\u751f\u4e86\u66f4\u7ebf\u6027\u7684\u8461\u8404\u9152\uff0c\u5355\u5b81\u66f4\u67d4\u548c\u3001\u66f4\u4f18\u96c5\u3002\u901a\u8fc7\u5bf9\u5404\u4e2a\u4e0d\u540c\u90e8\u95e8\u7684\u5c0f\u6279\u91cf\u917f\u9020\uff0c\u6211\u4eec\u80fd\u591f\u83b7\u5f97\u5177\u6709\u4e0d\u540c\u7279\u6027\u7684\u8461\u8404\u9152\uff0c\u8fd9\u4f7f\u6211\u4eec\u80fd\u591f\u4ece\u8fd9\u4e2a\u8461\u8404\u56ed\u4e2d\u9009\u62e9\u6700\u597d\u7684\u8461\u8404\u9152\uff0c\u5e76\u5e74\u590d\u4e00\u5e74\u5730\u63d0\u9ad8\u6211\u4eec\u8461\u8404\u9152\u7684\u8d28\u91cf\u3002<\/p>\n\n\t\t<\/div>\n\t<\/div>\n\n\t<div  class=\"wpb_single_image wpb_content_element vc_align_center\">\n\t\t\n\t\t<figure class=\"wpb_wrapper vc_figure\">\n\t\t\t<div class=\"vc_single_image-wrapper   vc_box_border_grey\"><img loading=\"lazy\" decoding=\"async\" width=\"1400\" height=\"788\" src=\"https:\/\/www.dagazwines.com\/wp-content\/uploads\/2019\/04\/CEM_beige.jpg\" class=\"vc_single_image-img attachment-full\" alt=\"\" srcset=\"https:\/\/www.dagazwines.com\/wp-content\/uploads\/2019\/04\/CEM_beige.jpg 1400w, https:\/\/www.dagazwines.com\/wp-content\/uploads\/2019\/04\/CEM_beige-300x169.jpg 300w, https:\/\/www.dagazwines.com\/wp-content\/uploads\/2019\/04\/CEM_beige-768x432.jpg 768w, https:\/\/www.dagazwines.com\/wp-content\/uploads\/2019\/04\/CEM_beige-1024x576.jpg 1024w\" sizes=\"(max-width: 1400px) 100vw, 1400px\" \/><\/div>\n\t\t<\/figure>\n\t<\/div>\n<\/div><\/div><\/div><\/div><\/div><\/div><\/div><\/div><\/div><\/div>","protected":false},"excerpt":{"rendered":"<p>\u00bfQu\u00e9 es Terroir? Es la relaci\u00f3n entre \u00a0suelo, clima, biodiversidad \u00a0y la mano del hombre, que dan como resultado vinos que expresan el car\u00e1cter \u00fanico del lugar. Terroir Pumanque-Colchagua Se encuentra ubicado en la Denominci\u00f3n de Origen Colchagua Costa que est\u00e1 formada por las \u00e1reas de Pumanque, Lolol, Paredones y Litueche. El vi\u00f1edo de Pumanque,<br class=\"read-more-spacer\"> <a class=\"more-link\" href=\"https:\/\/www.dagazwines.com\/zh\/terroir\/\">Read More<\/a><\/p>","protected":false},"author":1,"featured_media":1704,"parent":0,"menu_order":0,"comment_status":"closed","ping_status":"closed","template":"","meta":{"footnotes":""},"_links":{"self":[{"href":"https:\/\/www.dagazwines.com\/zh\/wp-json\/wp\/v2\/pages\/1420"}],"collection":[{"href":"https:\/\/www.dagazwines.com\/zh\/wp-json\/wp\/v2\/pages"}],"about":[{"href":"https:\/\/www.dagazwines.com\/zh\/wp-json\/wp\/v2\/types\/page"}],"author":[{"embeddable":true,"href":"https:\/\/www.dagazwines.com\/zh\/wp-json\/wp\/v2\/users\/1"}],"replies":[{"embeddable":true,"href":"https:\/\/www.dagazwines.com\/zh\/wp-json\/wp\/v2\/comments?post=1420"}],"version-history":[{"count":90,"href":"https:\/\/www.dagazwines.com\/zh\/wp-json\/wp\/v2\/pages\/1420\/revisions"}],"predecessor-version":[{"id":3123,"href":"https:\/\/www.dagazwines.com\/zh\/wp-json\/wp\/v2\/pages\/1420\/revisions\/3123"}],"wp:featuredmedia":[{"embeddable":true,"href":"https:\/\/www.dagazwines.com\/zh\/wp-json\/wp\/v2\/media\/1704"}],"wp:attachment":[{"href":"https:\/\/www.dagazwines.com\/zh\/wp-json\/wp\/v2\/media?parent=1420"}],"curies":[{"name":"wp","href":"https:\/\/api.w.org\/{rel}","templated":true}]}}