{"id":1631,"date":"2019-03-20T22:31:00","date_gmt":"2019-03-21T01:31:00","guid":{"rendered":"http:\/\/www.dagazwines.com\/?page_id=1631"},"modified":"2023-08-24T12:22:33","modified_gmt":"2023-08-24T16:22:33","slug":"marco-puyo","status":"publish","type":"page","link":"https:\/\/www.dagazwines.com\/zh\/marco-puyo\/","title":{"rendered":"\u9a6c\u53ef\u00b7\u666e\u7ea6"},"content":{"rendered":"<div class=\"vc_row wpb_row vc_row-fluid\"><div class=\"wpb_column vc_column_container vc_col-sm-12\"><div class=\"vc_column-inner\"><div class=\"wpb_wrapper\"><div class=\"vc_row wpb_row vc_inner vc_row-fluid\"><div class=\"wpb_column vc_column_container vc_col-sm-6\"><div class=\"vc_column-inner\"><div class=\"wpb_wrapper\">\n\t<div class=\"title-subtitle-box\" style=\" text-align: left;\">\n\t\t<h1 style=\" font-weight: normal;\" >\u917f\u9152\u5e08<\/h1>\n\t<\/div> <\/div><\/div><\/div><div class=\"wpb_column vc_column_container vc_col-sm-6\"><div class=\"vc_column-inner\"><div class=\"wpb_wrapper\"><\/div><\/div><\/div><\/div>\n\t<div class=\"wpb_text_column wpb_content_element\" >\n\t\t<div class=\"wpb_wrapper\">\n\t\t\t<p style=\"text-align: justify;\"><strong>\u9a6c\u53ef\u00b7\u666e\u7ea6<\/strong> \u4ed6\u662f\u4e00\u4f4d\u68a6\u60f3\u5bb6\u548c\u65b0\u9879\u76ee\u7684\u6c38\u4e45\u521b\u9020\u8005\uff0c\u4ed6\u5728\u667a\u5229\u91cd\u8981\u7684\u9152\u5e84\u5de5\u4f5c\u4e8626\u5e74\uff0c\u8ba9\u4ed6\u8be6\u7ec6\u4e86\u89e3\u4e86\u8fd9\u4e2a\u56fd\u5bb6\u4e0d\u540c\u7684\u201c\u98ce\u571f\u201d\u3002\u5728\u56fd\u9645\u4e0a\uff0c\u4ed6\u5728\u6cd5\u56fd\u6ce2\u5c14\u591a\u3001\u9999\u69df\u548c\u52c3\u826e\u7b2c\u3001\u7f8e\u56fd\u7eb3\u5e15\u4ee5\u53ca\u963f\u6839\u5ef7\u4e4c\u79d1\u8c37\u91c7\u6458\u8461\u8404\u3002\u5982\u4eca\uff0c\u4ed6\u81f4\u529b\u4e8e\u917f\u9020\u81ea\u5df1\u7684\u8461\u8404\u9152\uff0c\u8fd9\u662f\u957f\u671f\u5b66\u5f92\u751f\u6daf\u7684\u6210\u679c\uff0c\u8fd9\u53cd\u6620\u4e86\u4ed6\u917f\u9020\u65b0\u9c9c\u3001\u5145\u6ee1\u6d3b\u529b\u548c\u6d3b\u529b\u7684\u539f\u4ea7\u5730\u8461\u8404\u9152\u7684\u7cbe\u795e\u3002\u4ed6\u4e8e 1966 \u5e74\u51fa\u751f\u4e8e\u667a\u5229\u5723\u5730\u4e9a\u54e5\uff0c\u5e76\u4e00\u76f4\u5c45\u4f4f\u5728\u90a3\u91cc\u76f4\u5230\u5b8c\u6210\u5b66\u4e1a\u3002\u4ed6\u4e8e 1991 \u5e74\u4ece\u667a\u5229\u5929\u4e3b\u6559\u5927\u5b66\u917f\u9152\u5b66\u4e13\u4e1a\u519c\u5b66\u5bb6\u6bd5\u4e1a\uff0c\u5e76\u4e8e 1992 \u5e74\u83b7\u5f97\u917f\u9152\u5e08\u6587\u51ed\u3002\u540e\u6765\uff0c\u4ed6\u5728\u4e16\u754c\u4e0a\u6700\u91cd\u8981\u7684\u8461\u8404\u9152\u96c6\u56e2\u4e4b\u4e00\uff0cDomaines Barons de Rothschild\uff08\u62c9\u83f2\uff09\u5de5\u4f5c\uff0c\u4f5c\u4e3a\u4ed6\u5728\u667a\u5229\u79d1\u5c14\u67e5\u74dc\u5c71\u8c37\u7684 Vi\u00f1a Los Vascos \u9879\u76ee\u7684\u9996\u5e2d\u917f\u9152\u5e08\uff0c\u662f\u5e2e\u52a9\u8be5\u5c71\u8c37\u83b7\u5f97\u4e16\u754c\u8ba4\u53ef\u7684\u917f\u9152\u5e08\u4e4b\u4e00\u3002<\/p>\n<p style=\"text-align: justify;\">\u591a\u5e74\u540e\u4ed6\u63a5\u4efb <strong>\u917f\u9152\u5b66\u603b\u76d1<\/strong> \u6765\u81ea\u667a\u5229\u7b2c\u4e8c\u5927\u8461\u8404\u9152\u96c6\u56e2\u5723\u4f69\u5fb7\u7f57\u5854\u62c9\u5e15\u5361\u9152\u5e84 (Vi\u00f1a San Pedro Tarapac\u00e1)\uff0c\u8be5\u96c6\u56e2\u751f\u4ea7\u963f\u6cf0\u5c14 (Alta\u00efr)\u3001\u5408\u6069\u89d2 (Cabo de Hornos)\u3001\u897f\u5fb7\u62c9 (Sideral)\u3001\u574e\u5361\u7eb3\u5fb7\u5c14\u57c3\u5c14\u594e (Kankana del Elqui) \u548c Tierras Moradas \u7b49\u8461\u8404\u9152\u3002 2018\u5e74\uff0c\u4ed6\u79bb\u5f00\u4e86\u8fd9\u4e2a\u804c\u4f4d\uff0c\u5168\u8eab\u5fc3\u6295\u5165\u5230 <strong>\u8fbe\u560e\u65af\u8461\u8404\u56ed<\/strong>.<\/p>\n<p style=\"text-align: justify;\">2004\u5e74\u548c2005\u5e74\uff0c\u4ed6\u62c5\u4efb\u667a\u5229\u519c\u4e1a\u5de5\u7a0b\u5e08\u534f\u4f1a\u4e3b\u4efb\uff0c\u53c2\u4e0e\u4e86Carmenere al Mundo\u5927\u8d5b\u7684\u521b\u5efa\uff0c\u8fd9\u6709\u52a9\u4e8e\u8868\u660e\u667a\u5229\u662f\u8be5\u54c1\u79cd\u7684\u4e3b\u8981\u751f\u4ea7\u56fd\u3002<\/p>\n<p style=\"text-align: justify;\">\n\n\t\t<\/div>\n\t<\/div>\n\n\t<div class=\"wpb_text_column wpb_content_element\" >\n\t\t<div class=\"wpb_wrapper\">\n\t\t\t\n\t\t<\/div>\n\t<\/div>\n<\/div><\/div><\/div><\/div>","protected":false},"excerpt":{"rendered":"<p>En\u00f3logo Marco Puyo es un so\u00f1ador y generador permanente de nuevos proyectos, trabaj\u00f3 durante 26 a\u00f1os en importantes Vi\u00f1as Chilenas, permiti\u00e9ndole conocer con detalle los distintos \u201cterroirs\u201d del pa\u00eds. En el plano internacional, realiz\u00f3 vendimias en\u00a0 Burdeos, Champagne y Borgo\u00f1a en Francia, Napa en Estados Unidos, y el Valle de Uco en Argentina. Hoy en<br class=\"read-more-spacer\"> <a class=\"more-link\" href=\"https:\/\/www.dagazwines.com\/zh\/marco-puyo\/\">Read More<\/a><\/p>","protected":false},"author":2,"featured_media":1386,"parent":0,"menu_order":0,"comment_status":"closed","ping_status":"closed","template":"","meta":{"footnotes":""},"_links":{"self":[{"href":"https:\/\/www.dagazwines.com\/zh\/wp-json\/wp\/v2\/pages\/1631"}],"collection":[{"href":"https:\/\/www.dagazwines.com\/zh\/wp-json\/wp\/v2\/pages"}],"about":[{"href":"https:\/\/www.dagazwines.com\/zh\/wp-json\/wp\/v2\/types\/page"}],"author":[{"embeddable":true,"href":"https:\/\/www.dagazwines.com\/zh\/wp-json\/wp\/v2\/users\/2"}],"replies":[{"embeddable":true,"href":"https:\/\/www.dagazwines.com\/zh\/wp-json\/wp\/v2\/comments?post=1631"}],"version-history":[{"count":3,"href":"https:\/\/www.dagazwines.com\/zh\/wp-json\/wp\/v2\/pages\/1631\/revisions"}],"predecessor-version":[{"id":3124,"href":"https:\/\/www.dagazwines.com\/zh\/wp-json\/wp\/v2\/pages\/1631\/revisions\/3124"}],"wp:featuredmedia":[{"embeddable":true,"href":"https:\/\/www.dagazwines.com\/zh\/wp-json\/wp\/v2\/media\/1386"}],"wp:attachment":[{"href":"https:\/\/www.dagazwines.com\/zh\/wp-json\/wp\/v2\/media?parent=1631"}],"curies":[{"name":"wp","href":"https:\/\/api.w.org\/{rel}","templated":true}]}}