{"id":2713,"date":"2020-11-10T15:30:34","date_gmt":"2020-11-10T18:30:34","guid":{"rendered":"http:\/\/www.dagazwines.com\/?page_id=2713"},"modified":"2023-08-24T13:02:48","modified_gmt":"2023-08-24T17:02:48","slug":"itatino","status":"publish","type":"page","link":"https:\/\/www.dagazwines.com\/zh\/itatino\/","title":{"rendered":"\u4f0a\u5854\u8482\u8bfa\u00b7\u8f9b\u7d22"},"content":{"rendered":"<div class=\"vc_row wpb_row vc_row-fluid\"><div class=\"wpb_column vc_column_container vc_col-sm-6\"><div class=\"vc_column-inner\"><div class=\"wpb_wrapper\">\n\t<div  class=\"wpb_single_image wpb_content_element vc_align_center\">\n\t\t\n\t\t<figure class=\"wpb_wrapper vc_figure\">\n\t\t\t<div class=\"vc_single_image-wrapper   vc_box_border_grey\"><img fetchpriority=\"high\" decoding=\"async\" class=\"vc_single_image-img\" src=\"https:\/\/www.dagazwines.com\/wp-content\/uploads\/2020\/11\/CINS-ita-19-224x800.png\" width=\"224\" height=\"800\" alt=\"CINS ita 19\" title=\"CINS \u4f0a\u5854 19\" \/><\/div>\n\t\t<\/figure>\n\t<\/div>\n<\/div><\/div><\/div><div class=\"wpb_column vc_column_container vc_col-sm-6\"><div class=\"vc_column-inner\"><div class=\"wpb_wrapper\"><div class=\"vc_empty_space\"   style=\"height: 32px\" ><span class=\"vc_empty_space_inner\"><\/span><\/div>\n\n\t<div class=\"title-subtitle-box\" style=\" text-align: left;\">\n\t\t<h2 style=\" font-weight: normal;\" >2019\u5e74\u4f0a\u5854\u8482\u8bfa<\/h2>\n\t<\/div> \n\t<div class=\"wpb_text_column wpb_content_element\" >\n\t\t<div class=\"wpb_wrapper\">\n\t\t\t<p style=\"text-align: justify;\">\u7eda\u4e3d\u7684\u5b9d\u77f3\u7ea2\u8272\u3002\u95fb\u8d77\u6765\u679c\u9999\u6d53\u90c1\uff0c\u5e26\u6709\u5927\u91cf\u9178\u6a31\u6843\u548c\u6765\u81ea\u6784\u6210\u571f\u58e4\u7684\u82b1\u5c97\u5ca9\u7684\u77ff\u7269\u5473\u3002\u5165\u53e3\u540e\u5355\u5b81\u67d4\u548c\uff0c\u4f46\u80fd\u91cf\u5145\u6c9b\uff0c\u9178\u5ea6\u826f\u597d\uff0c\u4f7f\u5176\u6e05\u65b0\u800c\u5145\u6ee1\u6d3b\u529b\u3002\u5b83\u5f88\u957f\u800c\u4e14\u6301\u4e45\u3002<\/p>\n\n\t\t<\/div>\n\t<\/div>\n<div class=\"vc_empty_space\"   style=\"height: 20px\" ><span class=\"vc_empty_space_inner\"><\/span><\/div>\n<div class=\"vc_btn3-container vc_btn3-inline\" >\n\t<a class=\"vc_general vc_btn3 vc_btn3-size-sm vc_btn3-shape-rounded vc_btn3-style-modern vc_btn3-color-black\" href=\"http:\/\/www.dagazwines.com\/wp-content\/uploads\/2020\/06\/Ficha-Dagaz_Itanino-2019-corregida.pdf\" title=\"\" target=\"_blank\">\u6570\u636e\u8868<\/a><\/div>\n<div class=\"vc_empty_space\"   style=\"height: 20px\" ><span class=\"vc_empty_space_inner\"><\/span><\/div>\n\n\t<div class=\"title-subtitle-box\" style=\" text-align: left;\">\n\t\t<h3 style=\" font-weight: normal;\" >\u5956\u9879<\/h3>\n\t<\/div> <div class=\"vc_row wpb_row vc_inner vc_row-fluid\"><div class=\"wpb_column vc_column_container vc_col-sm-3\"><div class=\"vc_column-inner\"><div class=\"wpb_wrapper\">\n\t<div  class=\"wpb_single_image wpb_content_element vc_align_center\">\n\t\t\n\t\t<figure class=\"wpb_wrapper vc_figure\">\n\t\t\t<div class=\"vc_single_image-wrapper   vc_box_border_grey\"><img decoding=\"async\" class=\"vc_single_image-img\" src=\"https:\/\/www.dagazwines.com\/wp-content\/uploads\/2020\/06\/92_2020-100x100.png\" width=\"100\" height=\"100\" alt=\"92_2020\" title=\"92_2020\" \/><\/div>\n\t\t<\/figure>\n\t<\/div>\n\n\t<div class=\"wpb_text_column wpb_content_element\" >\n\t\t<div class=\"wpb_wrapper\">\n\t\t\t<h5 style=\"text-align: center;\">Descorchados 2020\uff1a92 \u5206\uff0c\u795e\u7d22\u6700\u4f73\u6392\u540d<\/h5>\n\n\t\t<\/div>\n\t<\/div>\n<\/div><\/div><\/div><div class=\"wpb_column vc_column_container vc_col-sm-3\"><div class=\"vc_column-inner\"><div class=\"wpb_wrapper\">\n\t<div  class=\"wpb_single_image wpb_content_element vc_align_center\">\n\t\t\n\t\t<figure class=\"wpb_wrapper vc_figure\">\n\t\t\t<div class=\"vc_single_image-wrapper   vc_box_border_grey\"><img decoding=\"async\" class=\"vc_single_image-img\" src=\"https:\/\/www.dagazwines.com\/wp-content\/uploads\/2020\/06\/TA_gold_digital_Chile2020_90-100x100.png\" width=\"100\" height=\"100\" alt=\"TA_gold_digital_Chile2020_90\" title=\"TA_gold_digital_Chile2020_90\" \/><\/div>\n\t\t<\/figure>\n\t<\/div>\n\n\t<div class=\"wpb_text_column wpb_content_element\" >\n\t\t<div class=\"wpb_wrapper\">\n\t\t\t<h5 style=\"text-align: center;\">\u8482\u59c6\u00b7\u963f\u7279\u91d1\uff1a90\u5206<\/h5>\n\n\t\t<\/div>\n\t<\/div>\n<\/div><\/div><\/div><div class=\"wpb_column vc_column_container vc_col-sm-3\"><div class=\"vc_column-inner\"><div class=\"wpb_wrapper\">\n\t<div  class=\"wpb_single_image wpb_content_element vc_align_center\">\n\t\t\n\t\t<figure class=\"wpb_wrapper vc_figure\">\n\t\t\t<div class=\"vc_single_image-wrapper   vc_box_border_grey\"><img loading=\"lazy\" decoding=\"async\" class=\"vc_single_image-img\" src=\"https:\/\/www.dagazwines.com\/wp-content\/uploads\/2020\/09\/js-90-90x90.png\" width=\"90\" height=\"90\" alt=\"js 90\" title=\"js 90\" \/><\/div>\n\t\t<\/figure>\n\t<\/div>\n\n\t<div class=\"wpb_text_column wpb_content_element\" >\n\t\t<div class=\"wpb_wrapper\">\n\t\t\t<h5 style=\"text-align: center;\">\u8a79\u59c6\u65af\u00b7\u8428\u514b\u6797 90 \u5206<\/h5>\n\n\t\t<\/div>\n\t<\/div>\n<\/div><\/div><\/div><div class=\"wpb_column vc_column_container vc_col-sm-3\"><div class=\"vc_column-inner\"><div class=\"wpb_wrapper\">\n\t<div  class=\"wpb_single_image wpb_content_element vc_align_center\">\n\t\t\n\t\t<figure class=\"wpb_wrapper vc_figure\">\n\t\t\t<div class=\"vc_single_image-wrapper   vc_box_border_grey\"><img loading=\"lazy\" decoding=\"async\" class=\"vc_single_image-img\" src=\"https:\/\/www.dagazwines.com\/wp-content\/uploads\/2020\/11\/92-100x100.png\" width=\"100\" height=\"100\" alt=\"92\" title=\"92\" \/><\/div>\n\t\t<\/figure>\n\t<\/div>\n\n\t<div class=\"wpb_text_column wpb_content_element\" >\n\t\t<div class=\"wpb_wrapper\">\n\t\t\t<h5 style=\"text-align: center;\">92 \u5206 \/ \u54c1\u9152\u8868 \u2013 CAV<\/h5>\n\n\t\t<\/div>\n\t<\/div>\n<\/div><\/div><\/div><\/div><div class=\"vc_empty_space\"   style=\"height: 20px\" ><span class=\"vc_empty_space_inner\"><\/span><\/div>\n<div class=\"vc_separator wpb_content_element vc_separator_align_center vc_sep_width_100 vc_sep_pos_align_center vc_separator-has-text\" ><span class=\"vc_sep_holder vc_sep_holder_l\"><span  style=\"border-color:#b0976d;\" class=\"vc_sep_line\"><\/span><\/span><div \tclass=\"vc_icon_element vc_icon_element-outer vc_icon_element-align-left\">\n\t<div class=\"vc_icon_element-inner vc_icon_element-color-custom vc_icon_element-size-sm vc_icon_element-style- vc_icon_element-background-color-grey\">\n\t\t<span class=\"vc_icon_element-icon fa fa-chevron-down\" style=\"color:#b0976d !important\"><\/span><\/div>\n<\/div>\n<h4>2018\u5e74\u4f0a\u5854\u8482\u8bfa<\/h4><span class=\"vc_sep_holder vc_sep_holder_r\"><span  style=\"border-color:#b0976d;\" class=\"vc_sep_line\"><\/span><\/span>\n<\/div><\/div><\/div><\/div><\/div><div class=\"vc_row wpb_row vc_row-fluid\"><div class=\"wpb_column vc_column_container vc_col-sm-6\"><div class=\"vc_column-inner\"><div class=\"wpb_wrapper\">\n\t<div  class=\"wpb_single_image wpb_content_element vc_align_center\">\n\t\t\n\t\t<figure class=\"wpb_wrapper vc_figure\">\n\t\t\t<div class=\"vc_single_image-wrapper   vc_box_border_grey\"><img loading=\"lazy\" decoding=\"async\" class=\"vc_single_image-img\" src=\"https:\/\/www.dagazwines.com\/wp-content\/uploads\/2019\/03\/bot_cinsault_2018-224x800.png\" width=\"224\" height=\"800\" alt=\"bot_cinsault_2018\" title=\"bot_cinsault_2018\" \/><\/div>\n\t\t<\/figure>\n\t<\/div>\n<\/div><\/div><\/div><div class=\"wpb_column vc_column_container vc_col-sm-6\"><div class=\"vc_column-inner\"><div class=\"wpb_wrapper\">\n\t<div class=\"title-subtitle-box\" style=\" text-align: left;\">\n\t\t<h2 style=\" font-weight: normal;\" >2018\u5e74\u4f0a\u5854\u8482\u8bfa<\/h2>\n\t<\/div> \n\t<div class=\"wpb_text_column wpb_content_element\" >\n\t\t<div class=\"wpb_wrapper\">\n\t\t\t<p style=\"text-align: justify;\">\u7eda\u4e3d\u7684\u5b9d\u77f3\u7ea2\u8272\u3002\u95fb\u8d77\u6765\u679c\u9999\u6d53\u90c1\uff0c\u5e26\u6709\u5927\u91cf\u9178\u6a31\u6843\u548c\u6765\u81ea\u6784\u6210\u571f\u58e4\u7684\u82b1\u5c97\u5ca9\u7684\u77ff\u7269\u5473\u3002\u5165\u53e3\u540e\u5355\u5b81\u67d4\u548c\uff0c\u4f46\u80fd\u91cf\u5145\u6c9b\uff0c\u9178\u5ea6\u826f\u597d\uff0c\u4f7f\u5176\u6e05\u65b0\u800c\u5145\u6ee1\u6d3b\u529b\u3002\u5b83\u5f88\u957f\u800c\u4e14\u6301\u4e45\u3002<\/p>\n\n\t\t<\/div>\n\t<\/div>\n<div class=\"vc_empty_space\"   style=\"height: 20px\" ><span class=\"vc_empty_space_inner\"><\/span><\/div>\n<div class=\"vc_btn3-container vc_btn3-inline\" >\n\t<a class=\"vc_general vc_btn3 vc_btn3-size-sm vc_btn3-shape-rounded vc_btn3-style-modern vc_btn3-color-black\" href=\"http:\/\/www.dagazwines.com\/wp-content\/uploads\/2019\/05\/ficha_dagaz_ITATINO_2018_V3.pdf\" title=\"\" target=\"_blank\">\u6570\u636e\u8868<\/a><\/div>\n<div class=\"vc_empty_space\"   style=\"height: 20px\" ><span class=\"vc_empty_space_inner\"><\/span><\/div>\n\n\t<div class=\"title-subtitle-box\" style=\" text-align: left;\">\n\t\t<h3 style=\" font-weight: normal;\" >\u5956\u9879<\/h3>\n\t<\/div> <div class=\"vc_row wpb_row vc_inner vc_row-fluid\"><div class=\"wpb_column vc_column_container vc_col-sm-1\/5\"><div class=\"vc_column-inner\"><div class=\"wpb_wrapper\">\n\t<div  class=\"wpb_single_image wpb_content_element vc_align_center\">\n\t\t\n\t\t<figure class=\"wpb_wrapper vc_figure\">\n\t\t\t<div class=\"vc_single_image-wrapper   vc_box_border_grey\"><img loading=\"lazy\" decoding=\"async\" class=\"vc_single_image-img\" src=\"https:\/\/www.dagazwines.com\/wp-content\/uploads\/2019\/04\/dscrc_92-100x100.png\" width=\"100\" height=\"100\" alt=\"dscrc_92\" title=\"dscrc_92\" \/><\/div>\n\t\t<\/figure>\n\t<\/div>\n\n\t<div class=\"wpb_text_column wpb_content_element\" >\n\t\t<div class=\"wpb_wrapper\">\n\t\t\t<h5 style=\"text-align: center;\">Itatino 2018 92 \u5206 \/ Descorchados 2019<\/h5>\n\n\t\t<\/div>\n\t<\/div>\n<\/div><\/div><\/div><div class=\"wpb_column vc_column_container vc_col-sm-1\/5\"><div class=\"vc_column-inner\"><div class=\"wpb_wrapper\">\n\t<div  class=\"wpb_single_image wpb_content_element vc_align_center\">\n\t\t\n\t\t<figure class=\"wpb_wrapper vc_figure\">\n\t\t\t<div class=\"vc_single_image-wrapper   vc_box_border_grey\"><img loading=\"lazy\" decoding=\"async\" class=\"vc_single_image-img\" src=\"https:\/\/www.dagazwines.com\/wp-content\/uploads\/2019\/04\/sello-92-100x100.png\" width=\"100\" height=\"100\" alt=\"sello 92\" title=\"\u5bc6\u5c01 92\" \/><\/div>\n\t\t<\/figure>\n\t<\/div>\n\n\t<div class=\"wpb_text_column wpb_content_element\" >\n\t\t<div class=\"wpb_wrapper\">\n\t\t\t<h5 style=\"text-align: center;\">Itatino 2018 92 \u5206 \/ Alister Cooper \u54c1\u9152\u6307\u5357<\/h5>\n\n\t\t<\/div>\n\t<\/div>\n<\/div><\/div><\/div><div class=\"wpb_column vc_column_container vc_col-sm-1\/5\"><div class=\"vc_column-inner\"><div class=\"wpb_wrapper\">\n\t<div  class=\"wpb_single_image wpb_content_element vc_align_center\">\n\t\t\n\t\t<figure class=\"wpb_wrapper vc_figure\">\n\t\t\t<div class=\"vc_single_image-wrapper   vc_box_border_grey\"><img loading=\"lazy\" decoding=\"async\" class=\"vc_single_image-img\" src=\"https:\/\/www.dagazwines.com\/wp-content\/uploads\/2019\/03\/ta_91-100x100.png\" width=\"100\" height=\"100\" alt=\"ta_91\" title=\"TA_91\" \/><\/div>\n\t\t<\/figure>\n\t<\/div>\n\n\t<div class=\"wpb_text_column wpb_content_element\" >\n\t\t<div class=\"wpb_wrapper\">\n\t\t\t<h5 style=\"text-align: center;\">Itatino 2018 91 \u5206 \/ \u8482\u59c6\u00b7\u963f\u7279\u91d1<\/h5>\n\n\t\t<\/div>\n\t<\/div>\n<\/div><\/div><\/div><div class=\"wpb_column vc_column_container vc_col-sm-1\/5\"><div class=\"vc_column-inner\"><div class=\"wpb_wrapper\">\n\t<div  class=\"wpb_single_image wpb_content_element vc_align_center\">\n\t\t\n\t\t<figure class=\"wpb_wrapper vc_figure\">\n\t\t\t<div class=\"vc_single_image-wrapper   vc_box_border_grey\"><img loading=\"lazy\" decoding=\"async\" class=\"vc_single_image-img\" src=\"https:\/\/www.dagazwines.com\/wp-content\/uploads\/2020\/09\/la-cav-91-100x100.png\" width=\"100\" height=\"100\" alt=\"la-cav-91\" title=\"the-cav-91\" \/><\/div>\n\t\t<\/figure>\n\t<\/div>\n\n\t<div class=\"wpb_text_column wpb_content_element\" >\n\t\t<div class=\"wpb_wrapper\">\n\t\t\t<h5 style=\"text-align: center;\">91 \u5206 \/ La Cav \u54c1\u9152\u684c<\/h5>\n\n\t\t<\/div>\n\t<\/div>\n<\/div><\/div><\/div><div class=\"wpb_column vc_column_container vc_col-sm-1\/5\"><div class=\"vc_column-inner\"><div class=\"wpb_wrapper\">\n\t<div  class=\"wpb_single_image wpb_content_element vc_align_center\">\n\t\t\n\t\t<figure class=\"wpb_wrapper vc_figure\">\n\t\t\t<div class=\"vc_single_image-wrapper   vc_box_border_grey\"><img loading=\"lazy\" decoding=\"async\" class=\"vc_single_image-img\" src=\"https:\/\/www.dagazwines.com\/wp-content\/uploads\/2020\/09\/js-90-100x100.png\" width=\"100\" height=\"100\" alt=\"js 90\" title=\"js 90\" \/><\/div>\n\t\t<\/figure>\n\t<\/div>\n\n\t<div class=\"wpb_text_column wpb_content_element\" >\n\t\t<div class=\"wpb_wrapper\">\n\t\t\t<h5 style=\"text-align: center;\">90 \u5206 \/ \u8a79\u59c6\u65af\u00b7\u8428\u514b\u6797<\/h5>\n\n\t\t<\/div>\n\t<\/div>\n<\/div><\/div><\/div><\/div><\/div><\/div><\/div><\/div>","protected":false},"excerpt":{"rendered":"<p>Itatino 2019 Color rojo rub\u00ed brillante. En la nariz tiene alta intensidad frutal, con mucha guinda \u00e1cida y notas minerales provenientes del granito que constituye el suelo. En la boca tiene taninos suaves pero de mucha energ\u00eda, adem\u00e1s de buena acidez, que lo hace fresco y vibrante. Es muy largo y persistente. Ficha t\u00e9cnica Premios<br class=\"read-more-spacer\"> <a class=\"more-link\" href=\"https:\/\/www.dagazwines.com\/zh\/itatino\/\">Read More<\/a><\/p>","protected":false},"author":3,"featured_media":0,"parent":0,"menu_order":0,"comment_status":"closed","ping_status":"closed","template":"","meta":{"footnotes":""},"_links":{"self":[{"href":"https:\/\/www.dagazwines.com\/zh\/wp-json\/wp\/v2\/pages\/2713"}],"collection":[{"href":"https:\/\/www.dagazwines.com\/zh\/wp-json\/wp\/v2\/pages"}],"about":[{"href":"https:\/\/www.dagazwines.com\/zh\/wp-json\/wp\/v2\/types\/page"}],"author":[{"embeddable":true,"href":"https:\/\/www.dagazwines.com\/zh\/wp-json\/wp\/v2\/users\/3"}],"replies":[{"embeddable":true,"href":"https:\/\/www.dagazwines.com\/zh\/wp-json\/wp\/v2\/comments?post=2713"}],"version-history":[{"count":17,"href":"https:\/\/www.dagazwines.com\/zh\/wp-json\/wp\/v2\/pages\/2713\/revisions"}],"predecessor-version":[{"id":3131,"href":"https:\/\/www.dagazwines.com\/zh\/wp-json\/wp\/v2\/pages\/2713\/revisions\/3131"}],"wp:attachment":[{"href":"https:\/\/www.dagazwines.com\/zh\/wp-json\/wp\/v2\/media?parent=2713"}],"curies":[{"name":"wp","href":"https:\/\/api.w.org\/{rel}","templated":true}]}}