{"id":2798,"date":"2020-11-22T22:01:03","date_gmt":"2020-11-23T01:01:03","guid":{"rendered":"http:\/\/www.dagazwines.com\/?page_id=2798"},"modified":"2023-08-24T13:05:28","modified_gmt":"2023-08-24T17:05:28","slug":"estate-carmenere","status":"publish","type":"page","link":"https:\/\/www.dagazwines.com\/zh\/estate-carmenere\/","title":{"rendered":"Estate Carmenere"},"content":{"rendered":"<div class=\"vc_row wpb_row vc_row-fluid\"><div class=\"wpb_column vc_column_container vc_col-sm-6\"><div class=\"vc_column-inner\"><div class=\"wpb_wrapper\">\n\t<div  class=\"wpb_single_image wpb_content_element vc_align_center\">\n\t\t\n\t\t<figure class=\"wpb_wrapper vc_figure\">\n\t\t\t<div class=\"vc_single_image-wrapper   vc_box_border_grey\"><img fetchpriority=\"high\" decoding=\"async\" class=\"vc_single_image-img\" src=\"https:\/\/www.dagazwines.com\/wp-content\/uploads\/2020\/11\/carmenere_estate-224x800.png\" width=\"224\" height=\"800\" alt=\"carmenere_estate\" title=\"\u4f73\u7f8e\u5a1c\u5e84\u56ed\" \/><\/div>\n\t\t<\/figure>\n\t<\/div>\n<\/div><\/div><\/div><div class=\"wpb_column vc_column_container vc_col-sm-6\"><div class=\"vc_column-inner\"><div class=\"wpb_wrapper\"><div class=\"vc_empty_space\"   style=\"height: 20px\" ><span class=\"vc_empty_space_inner\"><\/span><\/div>\n\n\t<div class=\"title-subtitle-box\" style=\" text-align: left;\">\n\t\t<h2 style=\" font-weight: normal;\" >\u82b1\u5c97\u5ca9\u5e84\u56ed\u4f73\u7f8e\u5a1c 2018<\/h2>\n\t<\/div> \n\t<div class=\"wpb_text_column wpb_content_element\" >\n\t\t<div class=\"wpb_wrapper\">\n\t\t\t<p style=\"text-align: justify;\">\u8fd9\u6b3e 2018 \u5e74\u4f73\u7f8e\u5a1c\u5448\u73b0\u51fa\u6d53\u90c1\u7684\u7ea2\u5b9d\u77f3\u8272\uff0c\u5e76\u5e26\u6709\u7d2b\u8272\u53cd\u5149\u3002\u9999\u6c14\u4f18\u96c5\uff0c\u5e26\u6709\u9ed1\u8393\u3001\u9ed1\u80e1\u6912\u548c\u7c89\u80e1\u6912\u3001\u8089\u6842\u3001\u4e01\u9999\u548c\u5176\u4ed6\u9999\u6599\u7684\u9999\u6c14\u3002\u8fd8\u5e26\u6709\u5728\u6728\u6876\u4e2d\u9648\u917f\u7684\u70df\u8349\u548c\u96ea\u677e\u7684\u9999\u6c14\u3002\u53e3\u611f\u4e0a\uff0c\u8fd9\u6b3e\u9152\u9152\u4f53\u826f\u597d\uff0c\u9178\u5ea6\u5b9c\u4eba\uff0c\u4f59\u5473\u60a0\u957f\u800c\u6301\u4e45\u3002<\/p>\n\n\t\t<\/div>\n\t<\/div>\n<div class=\"vc_btn3-container vc_btn3-inline\" >\n\t<a class=\"vc_general vc_btn3 vc_btn3-size-sm vc_btn3-shape-rounded vc_btn3-style-modern vc_btn3-color-black\" href=\"http:\/\/www.dagazwines.com\/wp-content\/uploads\/2020\/11\/Ficha-Tecnica-Dagaz-Estate_CA-2018-web.pdf\" title=\"\" target=\"_blank\">\u6570\u636e\u8868<\/a><\/div>\n<div class=\"vc_empty_space\"   style=\"height: 10px\" ><span class=\"vc_empty_space_inner\"><\/span><\/div>\n\n\t<div class=\"title-subtitle-box\" style=\" text-align: left;\">\n\t\t<h3 style=\" font-weight: normal;\" >\u5956\u9879<\/h3>\n\t<\/div> <div class=\"vc_row wpb_row vc_inner vc_row-fluid\"><div class=\"wpb_column vc_column_container vc_col-sm-4\"><div class=\"vc_column-inner\"><div class=\"wpb_wrapper\">\n\t<div  class=\"wpb_single_image wpb_content_element vc_align_center\">\n\t\t\n\t\t<figure class=\"wpb_wrapper vc_figure\">\n\t\t\t<div class=\"vc_single_image-wrapper   vc_box_border_grey\"><img decoding=\"async\" class=\"vc_single_image-img\" src=\"https:\/\/www.dagazwines.com\/wp-content\/uploads\/2021\/04\/92-ta21-100x100.png\" width=\"100\" height=\"100\" alt=\"92-ta21\" title=\"92-ta21\" \/><\/div>\n\t\t<\/figure>\n\t<\/div>\n\n\t<div class=\"wpb_text_column wpb_content_element\" >\n\t\t<div class=\"wpb_wrapper\">\n\t\t\t<h5 style=\"text-align: center;\">\u4f73\u7f8e\u5a1c 92 \u5206 \/ \u8482\u59c6\u00b7\u963f\u7279\u91d1 2021<\/h5>\n\n\t\t<\/div>\n\t<\/div>\n<\/div><\/div><\/div><div class=\"wpb_column vc_column_container vc_col-sm-4\"><div class=\"vc_column-inner\"><div class=\"wpb_wrapper\"><\/div><\/div><\/div><div class=\"wpb_column vc_column_container vc_col-sm-4\"><div class=\"vc_column-inner\"><div class=\"wpb_wrapper\"><\/div><\/div><\/div><\/div><\/div><\/div><\/div><\/div>","protected":false},"excerpt":{"rendered":"<p>Granito Estate Carmenere 2018 Este Carmenere 2018 muestra un color rub\u00ed intenso, con reflejos p\u00farpuras. En nariz es elegante, con notas a moras, pimienta negra y rosada, canela, clavo de olor y otras especias. Tambi\u00e9n notas a tabaco y cedro proveniente de la guarda en barricas. En boca es un vino de buen cuerpo y<br class=\"read-more-spacer\"> <a class=\"more-link\" href=\"https:\/\/www.dagazwines.com\/zh\/estate-carmenere\/\">Read More<\/a><\/p>","protected":false},"author":3,"featured_media":0,"parent":0,"menu_order":0,"comment_status":"closed","ping_status":"closed","template":"","meta":{"footnotes":""},"_links":{"self":[{"href":"https:\/\/www.dagazwines.com\/zh\/wp-json\/wp\/v2\/pages\/2798"}],"collection":[{"href":"https:\/\/www.dagazwines.com\/zh\/wp-json\/wp\/v2\/pages"}],"about":[{"href":"https:\/\/www.dagazwines.com\/zh\/wp-json\/wp\/v2\/types\/page"}],"author":[{"embeddable":true,"href":"https:\/\/www.dagazwines.com\/zh\/wp-json\/wp\/v2\/users\/3"}],"replies":[{"embeddable":true,"href":"https:\/\/www.dagazwines.com\/zh\/wp-json\/wp\/v2\/comments?post=2798"}],"version-history":[{"count":5,"href":"https:\/\/www.dagazwines.com\/zh\/wp-json\/wp\/v2\/pages\/2798\/revisions"}],"predecessor-version":[{"id":3133,"href":"https:\/\/www.dagazwines.com\/zh\/wp-json\/wp\/v2\/pages\/2798\/revisions\/3133"}],"wp:attachment":[{"href":"https:\/\/www.dagazwines.com\/zh\/wp-json\/wp\/v2\/media?parent=2798"}],"curies":[{"name":"wp","href":"https:\/\/api.w.org\/{rel}","templated":true}]}}