{"id":519,"date":"2016-03-21T13:06:29","date_gmt":"2016-03-21T13:06:29","guid":{"rendered":"http:\/\/okthemes.com\/villenoirdemo\/?page_id=519"},"modified":"2021-02-23T10:16:46","modified_gmt":"2021-02-23T13:16:46","slug":"puntos-de-venta","status":"publish","type":"page","link":"https:\/\/www.dagazwines.com\/zh\/puntos-de-venta\/","title":{"rendered":"\u9500\u552e\u70b9"},"content":{"rendered":"<div class=\"vc_row wpb_row vc_row-fluid\"><div class=\"wpb_column vc_column_container vc_col-sm-6\"><div class=\"vc_column-inner\"><div class=\"wpb_wrapper\">\n\t<div class=\"title-subtitle-box\" style=\" text-align: left;\">\n\t\t<h2 style=\" font-weight: normal;\" >\u56fd\u9645\u7684<\/h2>\n\t<\/div> \n\t<div class=\"wpb_text_column wpb_content_element\" >\n\t\t<div class=\"wpb_wrapper\">\n\t\t\t<div dir=\"ltr\">\n<div dir=\"auto\"><strong>\u5df4\u897f\uff1a<\/strong><\/div>\n<div dir=\"auto\">-\u795e\u5723\u7684\u7075\u9b42<\/div>\n<div dir=\"auto\">-\u5723\u5361\u5854\u7433\u5a1c\u5dde\u3002<\/div>\n<\/div>\n<div dir=\"auto\"><\/div>\n<div dir=\"auto\">\n<hr \/>\n<\/div>\n<div dir=\"ltr\">\n<div dir=\"auto\"><\/div>\n<div dir=\"auto\"><strong>\u7f8e\u56fd\uff1a<\/strong><\/div>\n<div dir=\"auto\">\u2014\u2014\u7ebd\u7ea6\u5dde\u7ebd\u7ea6\u5e02<\/div>\n<div dir=\"auto\">\u2013\u4fc4\u52d2\u5188\u5dde<\/div>\n<\/div>\n<div dir=\"auto\"><\/div>\n<div dir=\"auto\"><\/div>\n<div dir=\"auto\"><strong>\u4e2d\u56fd\uff1a<\/strong><\/div>\n<div dir=\"auto\">-\u4e0a\u6d77<\/div>\n<div dir=\"auto\">-\u5e7f\u5dde<\/div>\n<div dir=\"auto\"><\/div>\n<div dir=\"auto\">\n<hr \/>\n<\/div>\n<div dir=\"auto\">\n<div><strong>\u65e5\u672c<\/strong>\uff1a \u5927\u962a<\/div>\n<div><\/div>\n<div><strong>\u65b0\u52a0\u5761<\/strong><\/div>\n<div><\/div>\n<div><strong>\u6cf0\u56fd\uff1a<\/strong> \u66fc\u8c37\u548c\u666e\u5409\u5c9b<\/div>\n<\/div>\n<div dir=\"auto\"><\/div>\n<div dir=\"ltr\">\n<div dir=\"auto\"><\/div>\n<\/div>\n<hr \/>\n\n\t\t<\/div>\n\t<\/div>\n<\/div><\/div><\/div><div class=\"wpb_column vc_column_container vc_col-sm-6\"><div class=\"vc_column-inner\"><div class=\"wpb_wrapper\">\n\t<div class=\"title-subtitle-box\" style=\" text-align: left;\">\n\t\t<h2 style=\" font-weight: normal;\" >\u8fa3\u6912<\/h2>\n\t<\/div> \n\t<div class=\"wpb_text_column wpb_content_element\" >\n\t\t<div class=\"wpb_wrapper\">\n\t\t\t<div dir=\"ltr\">\n<div dir=\"auto\"><\/div>\n<div dir=\"auto\"><\/div>\n<h4 dir=\"auto\"><strong>\u5723\u5730\u4e9a\u54e5\uff1a<\/strong><\/h4>\n<h4 dir=\"auto\"><strong>\u8461\u8404\u9152\u5546\u5e97\u548c\u9910\u9986<\/strong>:<\/h4>\n<div dir=\"auto\">-La Cava del Sommelier\uff0cGeneral Holley 109\uff0c\u666e\u7f57\u7ef4\u767b\u897f\u4e9a\u3002<\/div>\n<div dir=\"auto\">-\u7ef4\u8bfa\u5229\u4e9a\uff0c\u963f\u9686\u7d22\u00b7\u5fb7\u00b7\u8499\u7f57\u4f0a\uff0c2869\uff0c\u7ef4\u5854\u5e93\u62c9\u3002<\/div>\n<div dir=\"auto\">-Winebarra Taster\uff0cHotel Cumbres Lastarria 299\uff0c\u5723\u5730\u4e9a\u54e5\u3002<\/div>\n<div dir=\"auto\">-La Vinoteca\uff0cAv. Manuel Montt 1450\uff0c\u666e\u7f57\u7ef4\u767b\u897f\u4e9a\u3002<\/div>\n<div dir=\"auto\">-La Vinoteca\uff0cNueva Costanera 3955\uff0c\u7ef4\u5854\u5e93\u62c9\u3002<\/div>\n<div dir=\"auto\">\n<div>-\u8461\u8404\u9152\u4e16\u754c\uff0cIsidora Goyenechea 3000\uff0c\u62c9\u65af\u5b54\u5fb7\u65af\u3002<\/div>\n<div>-\u8461\u8404\u9152\u4e16\u754c\uff0cParque Arauco Mall\uff0c\u5f53\u5730 Boulevard 379\uff0cLas Condes\u3002<\/div>\n<div>- \u8461\u8404\u9152\u4e16\u754c\uff0cPortal La Dehesa\uff0cLa Dehesa 1 \u5c42\u3002<\/div>\n<div>-\u90bb\u91cc\u7684\u5730\u7a96\uff1b Avenida Italia 1449\uff0c\u672c\u5730 11\uff0c\u666e\u7f57\u7ef4\u767b\u897f\u4e9a\u3002<\/div>\n<\/div>\n<h4 dir=\"auto\"><strong>\u9910\u5385\uff1a<\/strong><\/h4>\n<div dir=\"auto\">-Bocan\u00e1riz \u9910\u5385\uff0cLastarria 276\uff0c\u5723\u5730\u4e9a\u54e5\u3002<\/div>\n<div dir=\"auto\">- La Bodeguilla de Crist\u00f3bal \u9910\u5385\uff0c\u591a\u7c73\u5c3c\u514b 5\uff0c\u96f7\u79d1\u83b1\u5854\u3002<\/div>\n<div dir=\"auto\">-Trattoria Da Noi\uff0cAvenida Italia 1791\uff0c\u52aa\u5c3c\u963f\u3002<\/div>\n<div dir=\"auto\">-El Bodeg\u00f3n (La Vinoteca)\uff0cNueva Costanera 3955\uff0c\u7ef4\u5854\u5e93\u62c9\u3002<\/div>\n<div dir=\"auto\">-La Brasserie de Franck &amp; H\u00e9ctor, Alonso de C\u00f3rdova 4355 local 303, Vitacura\u3002<\/div>\n<div dir=\"auto\">-Jer\u00f3nimo\uff0c\u963f\u9686\u7d22\u00b7\u5fb7\u79d1\u5c14\u591a\u74e6 3102\uff0c\u7ef4\u5854\u5e93\u62c9\u3002<\/div>\n<div dir=\"auto\">-CasaLuz \u9910\u5385\uff0cAv. Italia 805\uff0c\u666e\u7f57\u7ef4\u767b\u897f\u4e9a\u3002<\/div>\n<div dir=\"auto\">-Peumayen BordeR\u00edo\uff0cAv. Jos\u00e9 Mar\u00eda Escriv\u00e1 de Balaguer 6400\uff0c\u5f53\u5730 2 Vitacura\u3002<\/div>\n<div dir=\"auto\"><\/div>\n<\/div>\n<h4 dir=\"auto\"><strong>\u6bd4\u5c3c\u4e9a\u5fb7\u5c14\u9a6c:<\/strong><\/h4>\n<div dir=\"auto\">-La Vinoteca\uff0c8 Norte 644\uff0c\u6bd4\u5c3c\u4e9a\u5fb7\u5c14\u9a6c\u3002<\/div>\n<div dir=\"ltr\">\n<div dir=\"auto\"><\/div>\n<h4 dir=\"auto\"><strong>\u5723\u8bde\u8001\u4eba\uff1a<\/strong><\/h4>\n<div dir=\"auto\"><strong>\u8461\u8404\u9152\u4e13\u5356\u5e97\uff1a<\/strong><\/div>\n<div dir=\"auto\">-Vinotour \u5546\u5e97\uff0cPlaza de Armas 306\u3002<\/div>\n<div dir=\"auto\"><strong>\u9910\u5385\uff1a<\/strong><\/div>\n<div dir=\"auto\">-Casa Colchagua \u9910\u5385\uff0cCamino Barreales-Los Boldos s\/n\u3002<\/div>\n<div dir=\"auto\">-Los Poetas \u9910\u5385\uff08Hotel Terra Vi\u00f1a\uff09Camino Los Boldos s\/n\u3002<\/div>\n<div dir=\"auto\">-Vino bello \u9910\u5385\uff0cCamino Barreales s\/n\u3002<\/div>\n<div dir=\"auto\"><\/div>\n<h4 dir=\"auto\"><strong>\u62ab\u5e02\u4e50\u6155:<\/strong><\/h4>\n<div dir=\"auto\">-\u9a6c\u585e\u6d1b\u00b7\u76ae\u8bfa\u4f8d\u9152\u5e08\u5546\u5e97\uff0cAvenida Ort\u00fazar 255-C\uff0cPichilemu\u3002<\/div>\n<div dir=\"auto\">- Hotel Alaia\uff0c\u901a\u5f80Punta de Lobos\u3001Pichilemu\u7684\u8857\u9053\u3002<\/div>\n<div dir=\"auto\">\n<div dir=\"ltr\">\n<div dir=\"auto\"><\/div>\n<h4 dir=\"auto\"><strong>\u9a6c\u5766\u8428\u65af\uff1a<\/strong><\/h4>\n<div dir=\"auto\">\u8461\u8404\u9152\u548c\u7f8e\u98df\u5546\u573a\uff0cG-8992-I\uff0c\u5723\u8bde\u8282\u3002<\/div>\n<div dir=\"auto\"><\/div>\n<\/div>\n<h4 dir=\"auto\"><strong>\u76f4\u9500\uff1a<\/strong><\/h4>\n<div dir=\"auto\">\u4e4c\u82cf\u62c9\u00b7\u5188\u8428\u96f7\u65af<\/div>\n<div dir=\"auto\">ugonzalez@dagazwines.com<\/div>\n<\/div>\n<\/div>\n\n\t\t<\/div>\n\t<\/div>\n\n\t<div class=\"title-subtitle-box\" style=\" text-align: left;\">\n\t\t<h2 style=\" font-weight: normal;\" >\u4e92\u8054\u7f51<\/h2>\n\t<\/div> \n\t<div class=\"wpb_text_column wpb_content_element\" >\n\t\t<div class=\"wpb_wrapper\">\n\t\t\t<p>\u5c24\u591a\u62c9\u8461\u8404\u9152<br \/>\n<a href=\"https:\/\/www.eudoravinos.cl\/shop\/\">https:\/\/www.eudoravinos.cl\/shop\/<\/a><\/p>\n<p>\u5361\u7ef4\u65af\u5854\u65af\u00a0 \u00a0 \u00a0 \u00a0 \u00a0 \u00a0 \u00a0 \u00a0 \u00a0 \u00a0 \u00a0 \u00a0 \u00a0 \u00a0 \u00a0 \u00a0 \u00a0 \u00a0 \u00a0 \u00a0 \u00a0 \u00a0 \u00a0 \u00a0 \u00a0 \u00a0 \u00a0 \u00a0 \u00a0 \u00a0 \u00a0 \u00a0 \u00a0 \u00a0 \u00a0 \u00a0 \u00a0 \u00a0 \u00a0 <a href=\"https:\/\/www.loscavistas.cl\">https:\/\/www.loscavistas.cl<\/a><\/p>\n\n\t\t<\/div>\n\t<\/div>\n\n\t<div class=\"title-subtitle-box\" style=\" text-align: left;\">\n\t\t<h2 style=\" font-weight: normal;\" >Instagram<\/h2>\n\t<\/div> \n\t<div class=\"wpb_text_column wpb_content_element\" >\n\t\t<div class=\"wpb_wrapper\">\n\t\t\t<div>@lacavadelbarrio<\/div>\n<div><a id=\"m_2394414931105877918m_-3627782953997068238plusReplyChip-2\" class=\"gmail_plusreply\" href=\"mailto:alangrudsky@gmail.com\" target=\"_blank\" rel=\"noopener noreferrer\">@\u827e\u4f26\u683c\u9c81\u65af\u57fa<\/a><\/div>\n<div><a id=\"m_2394414931105877918m_-3627782953997068238plusReplyChip-3\" class=\"gmail_plusreply\" href=\"mailto:wineoutchile@gmail.com\" target=\"_blank\" rel=\"noopener noreferrer\">@WineoutChile<\/a><\/div>\n<div>@\u7ef4\u5361\u74e6\u6d1b<\/div>\n<div>@loreto_si<\/div>\n<div>@art_paulas<\/div>\n\n\t\t<\/div>\n\t<\/div>\n<\/div><\/div><\/div><div class=\"wpb_column vc_column_container vc_col-sm-12\"><div class=\"vc_column-inner\"><div class=\"wpb_wrapper\">\n\t<div class=\"title-subtitle-box\" style=\" text-align: left;\">\n\t\t<p style=\"\">\u8d2d\u4e70<\/p>\n\t\t<h2 style=\" font-weight: normal;\" >\u5728\u7ebf\u7684<\/h2>\n\t<\/div> <div class=\"vc_btn3-container vc_btn3-inline\" >\n\t<a class=\"vc_general vc_btn3 vc_btn3-size-md vc_btn3-shape-square vc_btn3-style-modern vc_btn3-color-black\" href=\"https:\/\/www.dagazwines.com\/zh\/ventadirecta\/\" title=\"\u76f4\u9500\">\u5e97\u94fa<\/a><\/div>\n<\/div><\/div><\/div><\/div>","protected":false},"excerpt":{"rendered":"<p>Internacional Brasil: -Espiritu Santo -Santa Catarina. Estados Unidos: &#8211; New York City, New York &#8211; Oregon China: -Shanghai -Guangzhou Jap\u00f3n: Osaka Singapur Tailandia: Bangkok y Phuket Chile Santiago: Tiendas de Vinos y Restaurantes: -La Cava del Sommelier,\u00a0General Holley 109, Providencia. -Vinolia, Alonso de Monroy 2869, Vitacura. -Catador Winebarra, Hotel Cumbres Lastarria 299, Santiago. -La Vinoteca,<br class=\"read-more-spacer\"> <a class=\"more-link\" href=\"https:\/\/www.dagazwines.com\/zh\/puntos-de-venta\/\">Read More<\/a><\/p>","protected":false},"author":1,"featured_media":0,"parent":0,"menu_order":0,"comment_status":"closed","ping_status":"closed","template":"","meta":{"footnotes":""},"_links":{"self":[{"href":"https:\/\/www.dagazwines.com\/zh\/wp-json\/wp\/v2\/pages\/519"}],"collection":[{"href":"https:\/\/www.dagazwines.com\/zh\/wp-json\/wp\/v2\/pages"}],"about":[{"href":"https:\/\/www.dagazwines.com\/zh\/wp-json\/wp\/v2\/types\/page"}],"author":[{"embeddable":true,"href":"https:\/\/www.dagazwines.com\/zh\/wp-json\/wp\/v2\/users\/1"}],"replies":[{"embeddable":true,"href":"https:\/\/www.dagazwines.com\/zh\/wp-json\/wp\/v2\/comments?post=519"}],"version-history":[{"count":30,"href":"https:\/\/www.dagazwines.com\/zh\/wp-json\/wp\/v2\/pages\/519\/revisions"}],"predecessor-version":[{"id":2918,"href":"https:\/\/www.dagazwines.com\/zh\/wp-json\/wp\/v2\/pages\/519\/revisions\/2918"}],"wp:attachment":[{"href":"https:\/\/www.dagazwines.com\/zh\/wp-json\/wp\/v2\/media?parent=519"}],"curies":[{"name":"wp","href":"https:\/\/api.w.org\/{rel}","templated":true}]}}